{"id":14750,"date":"2024-04-26T08:35:49","date_gmt":"2024-04-26T06:35:49","guid":{"rendered":"https:\/\/moto.kedo.de\/?page_id=14750"},"modified":"2025-03-26T15:02:33","modified_gmt":"2025-03-26T14:02:33","slug":"imprint-2","status":"publish","type":"page","link":"https:\/\/moto.kedo.de\/en\/gewinnspiele\/","title":{"rendered":"PRIZE GAMES"},"content":{"rendered":"<div data-elementor-type=\"wp-page\" data-elementor-id=\"14750\" class=\"elementor elementor-14750\" data-elementor-post-type=\"page\">\n\t\t\t\t<div class=\"elementor-element elementor-element-32c267c e-flex e-con-boxed e-con e-parent\" data-id=\"32c267c\" data-element_type=\"container\" data-e-type=\"container\">\n\t\t\t\t\t<div class=\"e-con-inner\">\n\t\t\t\t<div class=\"elementor-element elementor-element-b27b6c8 elementor-widget elementor-widget-text-editor\" data-id=\"b27b6c8\" data-element_type=\"widget\" data-e-type=\"widget\" data-widget_type=\"text-editor.default\">\n\t\t\t\t<div class=\"elementor-widget-container\">\n\t\t\t\t\t\t\t\t\t<p><strong><em><img decoding=\"async\" class=\"alignnone size-full wp-image-24393\" src=\"https:\/\/moto.kedo.de\/wp-content\/uploads\/2025\/03\/Flagge_EN.png\" alt=\"\" width=\"34\" height=\"21\" srcset=\"https:\/\/moto.kedo.de\/wp-content\/uploads\/2025\/03\/Flagge_EN.png 34w, https:\/\/moto.kedo.de\/wp-content\/uploads\/2025\/03\/Flagge_EN-18x12.png 18w\" sizes=\"(max-width: 34px) 100vw, 34px\" \/> The content of this site applies to German law only. Therefore, we do not provide a translation. <\/em><\/strong><\/p><p><strong><em><img decoding=\"async\" class=\"alignnone size-full wp-image-24394\" src=\"https:\/\/moto.kedo.de\/wp-content\/uploads\/2025\/03\/Flagge_FR.png\" alt=\"\" width=\"34\" height=\"21\" srcset=\"https:\/\/moto.kedo.de\/wp-content\/uploads\/2025\/03\/Flagge_FR.png 34w, https:\/\/moto.kedo.de\/wp-content\/uploads\/2025\/03\/Flagge_FR-18x12.png 18w\" sizes=\"(max-width: 34px) 100vw, 34px\" \/> Le contenu de ce site ne s'applique au droit allemand. Par cons\u00e9quent, nous ne fournissent pas une traduction.<\/em><\/strong><\/p><h3>KEDO GmbH<\/h3><p>Steilshooper Street 33<br \/>22305 Hamburg<br \/>EN<\/p><p>Phone: 040 40 170 200<br \/>Fax: 040 40 170 201<br \/>Web: www.kedo.com<br \/>E-mail: info@kedo.com<\/p><p>Managing Director: Erik Kerger<br \/>Owners: Daniel Doritz, Erik Kerger, Georg K\u00fcnzel<\/p>\t\t\t\t\t\t\t\t<\/div>\n\t\t\t\t<\/div>\n\t\t\t\t<div class=\"elementor-element elementor-element-f1c7d82 elementor-widget elementor-widget-text-editor\" data-id=\"f1c7d82\" data-element_type=\"widget\" data-e-type=\"widget\" data-widget_type=\"text-editor.default\">\n\t\t\t\t<div class=\"elementor-widget-container\">\n\t\t\t\t\t\t\t\t\t<h3><b>Conditions of participation for the KEDO Instagram-Bremen-Classic-Motorshow competition | January 2025<\/b><\/h3><ol><li><b> Subject of the conditions of participation and organizer<\/b><\/li><\/ol><p><span style=\"font-weight: 400;\">(1)<\/span> <span style=\"font-weight: 400;\">These conditions of participation regulate the conditions for participation in the KEDO GmbH Bremen Classic Motorshow competition in January 2025 as well as any necessary transfer of rights. The description and procedure of the respective competition will be provided as part of the respective competition campaign on the Instagram page (<\/span> <a href=\"https:\/\/www.instagram.com\/kedo_gmbh_hamburg\/\">https:\/\/www.instagram.com\/kedo_gmbh_hamburg\/<\/a><span style=\"font-weight: 400;\">\u00a0) of KEDO GmbH Germany.<\/span><\/p><p><span style=\"font-weight: 400;\">(2)<\/span> <span style=\"font-weight: 400;\">The organizer of the competition is:<\/span><\/p><p><span style=\"font-weight: 400;\">KEDO GmbH<\/span><\/p><p><span style=\"font-weight: 400;\">Steilshooper Street 33<\/span><\/p><p><span style=\"font-weight: 400;\">22305 Hamburg<\/span><\/p><p><span style=\"font-weight: 400;\">(3)<\/span> <span style=\"font-weight: 400;\">Participation in the competition constitutes acceptance of these conditions of participation.<\/span><\/p><p><span style=\"font-weight: 400;\">(4)<\/span> <span style=\"font-weight: 400;\">The competition is in no way connected to Instagram, it is neither sponsored, supported nor organized by Instagram.\u00a0<\/span><\/p><ol start=\"2\"><li><b> Participation<\/b><\/li><\/ol><p><span style=\"font-weight: 400;\">(1)<\/span> <span style=\"font-weight: 400;\">Anyone over the age of 18 and resident in Germany is eligible to take part in the competition. Employees of KEDO GmbH and affiliated companies as well as relatives of such employees and their relatives are excluded. Participation with fake identities or with identities of third parties is not permitted.\u00a0<\/span><\/p><p><span style=\"font-weight: 400;\">(2)<\/span> <span style=\"font-weight: 400;\">The competition starts on 08.01.2025 at 2 pm and ends on 24.01.2024 at 6 pm. Participation is possible until the stated end date.<\/span><\/p><p><span style=\"font-weight: 400;\">(3)<\/span> <span style=\"font-weight: 400;\">Eligible participants can take part in the competition by completing the requested action in the post. The comment must remain until the winner is selected.\u00a0<\/span><\/p><ol start=\"3\"><li><b> Prizes and notification of winnings<\/b><\/li><\/ol><p><span style=\"font-weight: 400;\">(1)<\/span> <span style=\"font-weight: 400;\">We are giving away three tickets for the Bremen Classic Motorshow among all eligible participants.<\/span><\/p><p><span style=\"font-weight: 400;\">(2)<\/span> <span style=\"font-weight: 400;\">The winner will be selected at random from all eligible participants after the closing date. The winner will be notified via the Instagram comment function and requested to send an e-mail message to KEDO GmbH (info@kedo.com) in which the personal data is duly and truthfully transmitted in full. This information will be used to process the prize.\u00a0<\/span><\/p><p><span style=\"font-weight: 400;\">(3)<\/span> <span style=\"font-weight: 400;\">If we do not receive an e-mail from the winner within the specified period of 7 days after the announcement of the winner, the claim to the prize expires. In this case, we are entitled to carry out a replacement draw.<\/span><\/p><p><span style=\"font-weight: 400;\">(4)<\/span> <span style=\"font-weight: 400;\">Only one prize is possible per participant.\u00a0<\/span><\/p><p><span style=\"font-weight: 400;\">(5)<\/span> <span style=\"font-weight: 400;\">The prize is not transferable, nor can it be exchanged or paid out in cash.\u00a0<\/span><\/p><p><span style=\"font-weight: 400;\">(6)<\/span> <span style=\"font-weight: 400;\">The prize will be sent to the winner by e-mail in the form of a voucher to the e-mail address provided.\u00a0<\/span><\/p><ol start=\"4\"><li><b> Exclusion<\/b><\/li><\/ol><p><span style=\"font-weight: 400;\">(1)<\/span> <span style=\"font-weight: 400;\">A violation of these conditions of participation entitles us to exclude the respective participant from participation. This applies in particular if the participant provides false information or other content (e.g. comments) violates applicable law or the rights of third parties. The same applies to comments that could be regarded as glorifying violence, offensive, harassing or derogatory or otherwise offend social decency.<\/span><\/p><p><span style=\"font-weight: 400;\">(2)<\/span> <span style=\"font-weight: 400;\">If the excluded participant is a winner who has already been drawn, the prize may be subsequently revoked.<\/span><\/p><ol start=\"5\"><li><b> Early termination and changes<\/b><\/li><\/ol><p><span style=\"font-weight: 400;\">We reserve the right to terminate the competition prematurely in whole or in part at any time, even without observing deadlines, or to change the course of the competition if it is not possible to guarantee the proper execution of the competition for technical (e.g. computer virus, manipulation of or errors in software\/hardware) or legal reasons (e.g. prohibition by Facebook).<\/span><\/p><ol start=\"6\"><li><b> Data protection<\/b><\/li><\/ol><p><span style=\"font-weight: 400;\">We are responsible for the collection, processing and use of participants' personal data insofar as we process it ourselves. We will only use the participant's personal details and other personal data in accordance with the statutory provisions of data protection law. We will only store, process and use the information to the extent that this is necessary for the implementation of the competition or if the participant has given their consent. This also includes use for exercising the rights of use granted. The data will only be used to carry out the competition and will then be deleted.<\/span><\/p><p><span style=\"font-weight: 400;\">The participant can request information about the personal data stored about him\/her at any time. Otherwise, our privacy policy applies accordingly, which is available at<\/span><a href=\"https:\/\/moto.kedo.de\/datenschutz\/\"> <span style=\"font-weight: 400;\">https:\/\/moto.kedo.de\/datenschutz\/<\/span><\/a> <span style=\"font-weight: 400;\">is available.\u00a0<\/span><\/p><ol start=\"7\"><li><b> Final provisions<\/b><\/li><\/ol><p><span style=\"font-weight: 400;\">(1)<\/span> <span style=\"font-weight: 400;\">Should the conditions of participation contain invalid provisions, this shall not affect the validity of the remaining conditions.\u00a0<\/span><\/p><p><span style=\"font-weight: 400;\">(2)<\/span> <span style=\"font-weight: 400;\">German law applies. Legal recourse to review the draw is excluded.<\/span><\/p>\t\t\t\t\t\t\t\t<\/div>\n\t\t\t\t<\/div>\n\t\t\t\t\t<\/div>\n\t\t\t\t<\/div>\n\t\t\t\t<\/div>","protected":false},"excerpt":{"rendered":"<p>The content of this site applies to German law only. Therefore, we do not provide a translation. Le contenu de ce site ne s&#8217;applique au droit allemand. Par cons\u00e9quent, nous ne fournissent pas une traduction. KEDO GmbH Steilshooper Stra\u00dfe 3322305 HamburgDE Telefon: 040 40 170 200Fax: 040 40 170 201Web: www.kedo.comE-Mail: info@kedo.com Gesch\u00e4ftsf\u00fchrer: Erik KergerInhaber: [&hellip;]<\/p>\n","protected":false},"author":1,"featured_media":1856,"parent":0,"menu_order":0,"comment_status":"closed","ping_status":"closed","template":"elementor_header_footer","meta":{"footnotes":""},"class_list":["post-14750","page","type-page","status-publish","has-post-thumbnail","hentry"],"yoast_head":"<!-- This site is optimized with the Yoast SEO plugin v27.3 - https:\/\/yoast.com\/product\/yoast-seo-wordpress\/ -->\n<title>GEWINNSPIELE - KEDO - MOTORCYCLE PARTS<\/title>\n<meta name=\"robots\" content=\"index, follow, max-snippet:-1, max-image-preview:large, max-video-preview:-1\" \/>\n<link rel=\"canonical\" href=\"https:\/\/moto.kedo.de\/en\/imprint-2\/\" \/>\n<meta property=\"og:locale\" content=\"en_US\" \/>\n<meta property=\"og:type\" content=\"article\" \/>\n<meta property=\"og:title\" content=\"GEWINNSPIELE - KEDO - MOTORCYCLE PARTS\" \/>\n<meta property=\"og:description\" content=\"The content of this site applies to German law only. Therefore, we do not provide a translation. Le contenu de ce site ne s&#8217;applique au droit allemand. Par cons\u00e9quent, nous ne fournissent pas une traduction. KEDO GmbH Steilshooper Stra\u00dfe 3322305 HamburgDE Telefon: 040 40 170 200Fax: 040 40 170 201Web: www.kedo.comE-Mail: info@kedo.com Gesch\u00e4ftsf\u00fchrer: Erik KergerInhaber: [&hellip;]\" \/>\n<meta property=\"og:url\" content=\"https:\/\/moto.kedo.de\/en\/imprint-2\/\" \/>\n<meta property=\"og:site_name\" content=\"KEDO - MOTORCYCLE PARTS\" \/>\n<meta property=\"article:publisher\" content=\"https:\/\/www.facebook.com\/KEDO.Hamburg\" \/>\n<meta property=\"article:modified_time\" content=\"2025-03-26T14:02:33+00:00\" \/>\n<meta name=\"twitter:card\" content=\"summary_large_image\" \/>\n<meta name=\"twitter:label1\" content=\"Est. reading time\" \/>\n\t<meta name=\"twitter:data1\" content=\"5 minutes\" \/>\n<script type=\"application\/ld+json\" class=\"yoast-schema-graph\">{\"@context\":\"https:\\\/\\\/schema.org\",\"@graph\":[{\"@type\":\"WebPage\",\"@id\":\"https:\\\/\\\/moto.kedo.de\\\/gewinnspiele\\\/\",\"url\":\"https:\\\/\\\/moto.kedo.de\\\/gewinnspiele\\\/\",\"name\":\"GEWINNSPIELE - KEDO - MOTORCYCLE PARTS\",\"isPartOf\":{\"@id\":\"https:\\\/\\\/moto.kedo.de\\\/#website\"},\"primaryImageOfPage\":{\"@id\":\"https:\\\/\\\/moto.kedo.de\\\/gewinnspiele\\\/#primaryimage\"},\"image\":{\"@id\":\"https:\\\/\\\/moto.kedo.de\\\/gewinnspiele\\\/#primaryimage\"},\"thumbnailUrl\":\"https:\\\/\\\/moto.kedo.de\\\/wp-content\\\/uploads\\\/2022\\\/08\\\/KEDO_Szene04b.svg\",\"datePublished\":\"2024-04-26T06:35:49+00:00\",\"dateModified\":\"2025-03-26T14:02:33+00:00\",\"breadcrumb\":{\"@id\":\"https:\\\/\\\/moto.kedo.de\\\/gewinnspiele\\\/#breadcrumb\"},\"inLanguage\":\"en-US\",\"potentialAction\":[{\"@type\":\"ReadAction\",\"target\":[\"https:\\\/\\\/moto.kedo.de\\\/gewinnspiele\\\/\"]}]},{\"@type\":\"ImageObject\",\"inLanguage\":\"en-US\",\"@id\":\"https:\\\/\\\/moto.kedo.de\\\/gewinnspiele\\\/#primaryimage\",\"url\":\"https:\\\/\\\/moto.kedo.de\\\/wp-content\\\/uploads\\\/2022\\\/08\\\/KEDO_Szene04b.svg\",\"contentUrl\":\"https:\\\/\\\/moto.kedo.de\\\/wp-content\\\/uploads\\\/2022\\\/08\\\/KEDO_Szene04b.svg\",\"width\":1939.5,\"height\":604.8},{\"@type\":\"BreadcrumbList\",\"@id\":\"https:\\\/\\\/moto.kedo.de\\\/gewinnspiele\\\/#breadcrumb\",\"itemListElement\":[{\"@type\":\"ListItem\",\"position\":1,\"name\":\"Startseite\",\"item\":\"https:\\\/\\\/moto.kedo.de\\\/\"},{\"@type\":\"ListItem\",\"position\":2,\"name\":\"GEWINNSPIELE\"}]},{\"@type\":\"WebSite\",\"@id\":\"https:\\\/\\\/moto.kedo.de\\\/#website\",\"url\":\"https:\\\/\\\/moto.kedo.de\\\/\",\"name\":\"KEDO - MOTORCYCLE PARTS\",\"description\":\"SR500 | TT500 | XT500 | XT250 | XT600 | T700\",\"publisher\":{\"@id\":\"https:\\\/\\\/moto.kedo.de\\\/#organization\"},\"potentialAction\":[{\"@type\":\"SearchAction\",\"target\":{\"@type\":\"EntryPoint\",\"urlTemplate\":\"https:\\\/\\\/moto.kedo.de\\\/?s={search_term_string}\"},\"query-input\":{\"@type\":\"PropertyValueSpecification\",\"valueRequired\":true,\"valueName\":\"search_term_string\"}}],\"inLanguage\":\"en-US\"},{\"@type\":\"Organization\",\"@id\":\"https:\\\/\\\/moto.kedo.de\\\/#organization\",\"name\":\"KEDO - MOTORCYCLE PARTS\",\"url\":\"https:\\\/\\\/moto.kedo.de\\\/\",\"logo\":{\"@type\":\"ImageObject\",\"inLanguage\":\"en-US\",\"@id\":\"https:\\\/\\\/moto.kedo.de\\\/#\\\/schema\\\/logo\\\/image\\\/\",\"url\":\"https:\\\/\\\/moto.kedo.de\\\/wp-content\\\/uploads\\\/2022\\\/08\\\/KEDO_Szene04b.svg\",\"contentUrl\":\"https:\\\/\\\/moto.kedo.de\\\/wp-content\\\/uploads\\\/2022\\\/08\\\/KEDO_Szene04b.svg\",\"width\":1939.5,\"height\":604.8,\"caption\":\"KEDO - MOTORCYCLE PARTS\"},\"image\":{\"@id\":\"https:\\\/\\\/moto.kedo.de\\\/#\\\/schema\\\/logo\\\/image\\\/\"},\"sameAs\":[\"https:\\\/\\\/www.facebook.com\\\/KEDO.Hamburg\",\"https:\\\/\\\/www.instagram.com\\\/kedo_gmbh_hamburg\\\/\",\"https:\\\/\\\/www.youtube.com\\\/@KedoTeam\"]}]}<\/script>\n<!-- \/ Yoast SEO plugin. -->","yoast_head_json":{"title":"COMPETITIONS - KEDO - MOTORCYCLE PARTS","robots":{"index":"index","follow":"follow","max-snippet":"max-snippet:-1","max-image-preview":"max-image-preview:large","max-video-preview":"max-video-preview:-1"},"canonical":"https:\/\/moto.kedo.de\/en\/imprint-2\/","og_locale":"en_US","og_type":"article","og_title":"GEWINNSPIELE - KEDO - MOTORCYCLE PARTS","og_description":"The content of this site applies to German law only. Therefore, we do not provide a translation. Le contenu de ce site ne s&#8217;applique au droit allemand. Par cons\u00e9quent, nous ne fournissent pas une traduction. KEDO GmbH Steilshooper Stra\u00dfe 3322305 HamburgDE Telefon: 040 40 170 200Fax: 040 40 170 201Web: www.kedo.comE-Mail: info@kedo.com Gesch\u00e4ftsf\u00fchrer: Erik KergerInhaber: [&hellip;]","og_url":"https:\/\/moto.kedo.de\/en\/imprint-2\/","og_site_name":"KEDO - MOTORCYCLE PARTS","article_publisher":"https:\/\/www.facebook.com\/KEDO.Hamburg","article_modified_time":"2025-03-26T14:02:33+00:00","twitter_card":"summary_large_image","twitter_misc":{"Est. reading time":"5 minutes"},"schema":{"@context":"https:\/\/schema.org","@graph":[{"@type":"WebPage","@id":"https:\/\/moto.kedo.de\/gewinnspiele\/","url":"https:\/\/moto.kedo.de\/gewinnspiele\/","name":"COMPETITIONS - KEDO - MOTORCYCLE PARTS","isPartOf":{"@id":"https:\/\/moto.kedo.de\/#website"},"primaryImageOfPage":{"@id":"https:\/\/moto.kedo.de\/gewinnspiele\/#primaryimage"},"image":{"@id":"https:\/\/moto.kedo.de\/gewinnspiele\/#primaryimage"},"thumbnailUrl":"https:\/\/moto.kedo.de\/wp-content\/uploads\/2022\/08\/KEDO_Szene04b.svg","datePublished":"2024-04-26T06:35:49+00:00","dateModified":"2025-03-26T14:02:33+00:00","breadcrumb":{"@id":"https:\/\/moto.kedo.de\/gewinnspiele\/#breadcrumb"},"inLanguage":"en-US","potentialAction":[{"@type":"ReadAction","target":["https:\/\/moto.kedo.de\/gewinnspiele\/"]}]},{"@type":"ImageObject","inLanguage":"en-US","@id":"https:\/\/moto.kedo.de\/gewinnspiele\/#primaryimage","url":"https:\/\/moto.kedo.de\/wp-content\/uploads\/2022\/08\/KEDO_Szene04b.svg","contentUrl":"https:\/\/moto.kedo.de\/wp-content\/uploads\/2022\/08\/KEDO_Szene04b.svg","width":1939.5,"height":604.8},{"@type":"BreadcrumbList","@id":"https:\/\/moto.kedo.de\/gewinnspiele\/#breadcrumb","itemListElement":[{"@type":"ListItem","position":1,"name":"Startseite","item":"https:\/\/moto.kedo.de\/"},{"@type":"ListItem","position":2,"name":"GEWINNSPIELE"}]},{"@type":"WebSite","@id":"https:\/\/moto.kedo.de\/#website","url":"https:\/\/moto.kedo.de\/","name":"KEDO - MOTORCYCLE PARTS","description":"SR500 | TT500 | XT500 | XT250 | XT600 | T700","publisher":{"@id":"https:\/\/moto.kedo.de\/#organization"},"potentialAction":[{"@type":"SearchAction","target":{"@type":"EntryPoint","urlTemplate":"https:\/\/moto.kedo.de\/?s={search_term_string}"},"query-input":{"@type":"PropertyValueSpecification","valueRequired":true,"valueName":"search_term_string"}}],"inLanguage":"en-US"},{"@type":"Organization","@id":"https:\/\/moto.kedo.de\/#organization","name":"KEDO - MOTORCYCLE PARTS","url":"https:\/\/moto.kedo.de\/","logo":{"@type":"ImageObject","inLanguage":"en-US","@id":"https:\/\/moto.kedo.de\/#\/schema\/logo\/image\/","url":"https:\/\/moto.kedo.de\/wp-content\/uploads\/2022\/08\/KEDO_Szene04b.svg","contentUrl":"https:\/\/moto.kedo.de\/wp-content\/uploads\/2022\/08\/KEDO_Szene04b.svg","width":1939.5,"height":604.8,"caption":"KEDO - MOTORCYCLE PARTS"},"image":{"@id":"https:\/\/moto.kedo.de\/#\/schema\/logo\/image\/"},"sameAs":["https:\/\/www.facebook.com\/KEDO.Hamburg","https:\/\/www.instagram.com\/kedo_gmbh_hamburg\/","https:\/\/www.youtube.com\/@KedoTeam"]}]}},"_links":{"self":[{"href":"https:\/\/moto.kedo.de\/en\/wp-json\/wp\/v2\/pages\/14750","targetHints":{"allow":["GET"]}}],"collection":[{"href":"https:\/\/moto.kedo.de\/en\/wp-json\/wp\/v2\/pages"}],"about":[{"href":"https:\/\/moto.kedo.de\/en\/wp-json\/wp\/v2\/types\/page"}],"author":[{"embeddable":true,"href":"https:\/\/moto.kedo.de\/en\/wp-json\/wp\/v2\/users\/1"}],"replies":[{"embeddable":true,"href":"https:\/\/moto.kedo.de\/en\/wp-json\/wp\/v2\/comments?post=14750"}],"version-history":[{"count":0,"href":"https:\/\/moto.kedo.de\/en\/wp-json\/wp\/v2\/pages\/14750\/revisions"}],"wp:featuredmedia":[{"embeddable":true,"href":"https:\/\/moto.kedo.de\/en\/wp-json\/wp\/v2\/media\/1856"}],"wp:attachment":[{"href":"https:\/\/moto.kedo.de\/en\/wp-json\/wp\/v2\/media?parent=14750"}],"curies":[{"name":"wp","href":"https:\/\/api.w.org\/{rel}","templated":true}]}}