{"id":188,"date":"2023-03-08T12:46:34","date_gmt":"2023-03-08T11:46:34","guid":{"rendered":"https:\/\/moto.kedo.de\/?page_id=188"},"modified":"2023-07-30T14:24:51","modified_gmt":"2023-07-30T12:24:51","slug":"news","status":"publish","type":"page","link":"https:\/\/moto.kedo.de\/en\/news\/","title":{"rendered":"NEWS"},"content":{"rendered":"<div data-elementor-type=\"wp-page\" data-elementor-id=\"188\" class=\"elementor elementor-188\" data-elementor-post-type=\"page\">\n\t\t\t\t<div class=\"elementor-element elementor-element-fd6b387 e-con-full e-flex e-con e-parent\" data-id=\"fd6b387\" data-element_type=\"container\" data-e-type=\"container\">\n\t\t\t\t<div class=\"elementor-element elementor-element-ad76f5a elementor-widget elementor-widget-ucaddon_post_magazine_grid\" data-id=\"ad76f5a\" data-element_type=\"widget\" data-e-type=\"widget\" data-widget_type=\"ucaddon_post_magazine_grid.default\">\n\t\t\t\t<div class=\"elementor-widget-container\">\n\t\t\t\t\t\n<!-- start Post Magazine Grid -->\n\t\t<link id='font-awesome-css' href='https:\/\/moto.kedo.de\/wp-content\/plugins\/unlimited-elements-for-elementor-premium\/assets_libraries\/font-awesome6\/fontawesome-all.min.css' type='text\/css' rel='stylesheet' >\n\t\t<link id='font-awesome-4-shim-css' href='https:\/\/moto.kedo.de\/wp-content\/plugins\/unlimited-elements-for-elementor-premium\/assets_libraries\/font-awesome6\/fontawesome-v4-shims.min.css' type='text\/css' rel='stylesheet' >\n\n<style>\/* widget: Post Magazine Grid *\/\n\n\r\n@keyframes uc_post_magazine_grid_elementor_ad76f5a__item-animation {\r\n  0% {\r\n            \r\n        \t        \tfilter: blur(10px);\r\n\t\t\t\r\n    \t    opacity: 0;\r\n  }\r\n  100% {\r\n            \r\n        \t            filter: blur(0px);\r\n            \r\n    \t\topacity: 1;\r\n  }\r\n}\r\n\r\n\r\n#uc_post_magazine_grid_elementor_ad76f5a .ue-grid-item{\r\n\topacity:0;\r\n}\r\n\r\n\r\n#uc_post_magazine_grid_elementor_ad76f5a .uc-entrance-animate {\r\n  opacity:1;\r\n}\r\n\r\n#uc_post_magazine_grid_elementor_ad76f5a .uc-entrance-animate {\r\n\tanimation: uc_post_magazine_grid_elementor_ad76f5a__item-animation 0.6s cubic-bezier(0.470, 0.000, 0.745, 0.715) both;\r\n}\r\n\r\n\t\t\t\n\n#uc_post_magazine_grid_elementor_ad76f5a *\n{\n  box-sizing:border-box;\n}\n#uc_post_magazine_grid_elementor_ad76f5a\n{\n  display: grid;\n  grid-auto-rows: 1fr;\n}\n\n#uc_post_magazine_grid_elementor_ad76f5a div.ue-grid-item\n{\n  overflow:hidden;\n  display:flex;\n  position:relative;\n}\n\n#uc_post_magazine_grid_elementor_ad76f5a .ue-grid-item-image img\n{\n  width:100%;\n  display:block;\n}\n\n\n#uc_post_magazine_grid_elementor_ad76f5a.ue-layout-cover .ue-grid-item-image\n{\n  position:absolute;\n  top:0;\n  left:0;\n  bottom:0;\n  right:0;\n}\n\n#uc_post_magazine_grid_elementor_ad76f5a.ue-layout-cover .ue-grid-item-image img\n{\n  height:100%;\n  object-fit: cover;\n}\n\n#uc_post_magazine_grid_elementor_ad76f5a.ue-layout-cover .ue-grid-item-content\n{\n  position:absolute;\n  width:100%;\n  bottom:0px;\n}\n\n#uc_post_magazine_grid_elementor_ad76f5a .ue-grid-item-image-overlay\n{\n  position:absolute;\n  width:100%;\n  top:0;\n  display:block;\n  bottom:0;\n  height:100%;\n  transition:0.3s;\n}\n\n.ue-grid-item-title a\n{\n  font-size:21px;\n  font-weight:bold;\n}\n\n.ue-grid-item-category a\n{\n  display:inline-block;\n  font-size:10px;\n  text-transform:uppercase;\n}\n\n#uc_post_magazine_grid_elementor_ad76f5a .uc_more_btn{\n\n  text-align:center;\n  text-decoration:none;\n  transition:0.3s;\n}\n\n#uc_post_magazine_grid_elementor_ad76f5a .ue-grid-item-meta-data\n{\n  display:flex;\n  flex-wrap: wrap;\n}\n\n.ue-grid-item-meta-data\n{\n  font-size:12px;\n}\n\n#uc_post_magazine_grid_elementor_ad76f5a .ue-grid-item-meta-data-icon\n{\n  line-height:1em;\n}\n\n#uc_post_magazine_grid_elementor_ad76f5a .ue-grid-item-meta-data-icon svg\n{\n  width:1em;\n  height:1em;\n}\n\n\n\n#uc_post_magazine_grid_elementor_ad76f5a .ue-date-calendar\n{\n      position:absolute;\n      top:0px;\n     left:0px;\n     text-align:center;\n    }\n\n@media only screen and (max-width: 600px) {\n  #uc_post_magazine_grid_elementor_ad76f5a div.ue-grid-item\n  {\n    grid-column: span 1;\n    grid-row: span 1;\n  }\n  #uc_post_magazine_grid_elementor_ad76f5a\n  {\n  grid-template-columns: repeat(1, 1fr);\n  }\n}\n\n<\/style>\n\n<div id=\"uc_post_magazine_grid_elementor_ad76f5a\" class=\"post_magazine_grid ue-layout-cover uc-items-wrapper\" >\n\t<div class=\"ue-grid-item\">\n\t<div class=\"ue-grid-item-image\">\n       \n          <img loading=\"lazy\" decoding=\"async\" src=\"https:\/\/moto.kedo.de\/wp-content\/uploads\/2025\/12\/kedo_yamaha_motorcycle_xt500-sr500-xt250-t700_motocross-classic-cup-2025_.jpg30.jpg\"  alt=\"kedo_yamaha_motorcycle_xt500-sr500-xt250-t700_motocross-classic-cup-2025_\" width=\"1920\" height=\"1280\">  \n      \t\n      \n      <a class=\"ue-grid-item-image-overlay\" href=\"https:\/\/moto.kedo.de\/en\/motocross-classic-cup-beim-msc-muenster\/\"><\/a>\n    <\/div>\n    <div class=\"ue-grid-item-content\">\n      \n      \n                  \n      \n            \n      <div class=\"ue-grid-item-title\"><a href=\"https:\/\/moto.kedo.de\/en\/motocross-classic-cup-beim-msc-muenster\/\">Motocross Classic Cup at MSC Munster<\/a><\/div>      \n            \n      <div class=\"ue-grid-item-intro\">A...<\/div>          <\/div>\n  \n    \n    \n  \n<\/div>\n<div class=\"ue-grid-item\">\n\t<div class=\"ue-grid-item-image\">\n       \n          <img loading=\"lazy\" decoding=\"async\" src=\"https:\/\/moto.kedo.de\/wp-content\/uploads\/2025\/06\/2025_05_XT500_TT500_Mai-O-Fahrt_Beitrag.jpg\"  alt=\"2025_05_XT500_TT500_Mai-O-Fahrt_Beitrag\" width=\"1536\" height=\"1536\">  \n      \t\n      \n      <a class=\"ue-grid-item-image-overlay\" href=\"https:\/\/moto.kedo.de\/en\/mai-o-fahrt-2025\/\"><\/a>\n    <\/div>\n    <div class=\"ue-grid-item-content\">\n      \n      \n                  \n      \n            \n      <div class=\"ue-grid-item-title\"><a href=\"https:\/\/moto.kedo.de\/en\/mai-o-fahrt-2025\/\">May-O-Ride 2025<\/a><\/div>      \n            \n      <div class=\"ue-grid-item-intro\">A...<\/div>          <\/div>\n  \n    \n    \n  \n<\/div>\n<div class=\"ue-grid-item\">\n\t<div class=\"ue-grid-item-image\">\n       \n          <img loading=\"lazy\" decoding=\"async\" src=\"https:\/\/moto.kedo.de\/wp-content\/uploads\/2025\/03\/Salon_Du_2Roues_2603.jpg\"  alt=\"Salon_Du_2Roues_2603\" width=\"1800\" height=\"1350\">  \n      \t\n      \n      <a class=\"ue-grid-item-image-overlay\" href=\"https:\/\/moto.kedo.de\/en\/frankreichs-beste-zweirad-messe-salon-du-2roues-lyon\/\"><\/a>\n    <\/div>\n    <div class=\"ue-grid-item-content\">\n      \n      \n                  \n      \n            \n      <div class=\"ue-grid-item-title\"><a href=\"https:\/\/moto.kedo.de\/en\/frankreichs-beste-zweirad-messe-salon-du-2roues-lyon\/\">france's best two-wheeler trade fair salon du 2roues lyon<\/a><\/div>      \n            \n      <div class=\"ue-grid-item-intro\">Colleague...<\/div>          <\/div>\n  \n    \n    \n  \n<\/div>\n<div class=\"ue-grid-item\">\n\t<div class=\"ue-grid-item-image\">\n       \n          <img loading=\"lazy\" decoding=\"async\" src=\"https:\/\/moto.kedo.de\/wp-content\/uploads\/2025\/01\/KEDO_XT500_XTom_Beitragsbild02.jpg\"  alt=\"KEDO_XT500_XTom_contribution_image02\" width=\"1920\" height=\"1920\">  \n      \t\n      \n      <a class=\"ue-grid-item-image-overlay\" href=\"https:\/\/moto.kedo.de\/en\/portrait-xtom\/\"><\/a>\n    <\/div>\n    <div class=\"ue-grid-item-content\">\n      \n      \n                  \n      \n            \n      <div class=\"ue-grid-item-title\"><a href=\"https:\/\/moto.kedo.de\/en\/portrait-xtom\/\">Portrait: XTom<\/a><\/div>      \n            \n      <div class=\"ue-grid-item-intro\">If...<\/div>          <\/div>\n  \n    \n    \n  \n<\/div>\n<div class=\"ue-grid-item\">\n\t<div class=\"ue-grid-item-image\">\n       \n          <img loading=\"lazy\" decoding=\"async\" src=\"https:\/\/moto.kedo.de\/wp-content\/uploads\/2024\/09\/KEDO_swing_arm_knowledge_Startbild2.jpg\"  alt=\"KEDO_swing_arm_knowledge_starting_image2\" width=\"1380\" height=\"1278\">  \n      \t\n      \n      <a class=\"ue-grid-item-image-overlay\" href=\"https:\/\/moto.kedo.de\/en\/die-schwingenlagerung-unserer-500er\/\"><\/a>\n    <\/div>\n    <div class=\"ue-grid-item-content\">\n      \n      \n                  \n      \n            \n      <div class=\"ue-grid-item-title\"><a href=\"https:\/\/moto.kedo.de\/en\/die-schwingenlagerung-unserer-500er\/\">The swing arm bearing of our 500<\/a><\/div>      \n            \n      <div class=\"ue-grid-item-intro\">Tips...<\/div>          <\/div>\n  \n    \n    \n  \n<\/div>\n<div class=\"ue-grid-item\">\n\t<div class=\"ue-grid-item-image\">\n       \n          <img loading=\"lazy\" decoding=\"async\" src=\"https:\/\/moto.kedo.de\/wp-content\/uploads\/2024\/09\/KEDO_Rettet_einen_Eintopf_Ingos_SR500_0052.jpg\"  alt=\"KEDO_Rettet_einen_Eintopf_Ingos_SR500_0052\" width=\"1777\" height=\"1295\">  \n      \t\n      \n      <a class=\"ue-grid-item-image-overlay\" href=\"https:\/\/moto.kedo.de\/en\/rettet-einen-eintopf-ingo-hats-getan\/\"><\/a>\n    <\/div>\n    <div class=\"ue-grid-item-content\">\n      \n      \n                  \n      \n            \n      <div class=\"ue-grid-item-title\"><a href=\"https:\/\/moto.kedo.de\/en\/rettet-einen-eintopf-ingo-hats-getan\/\">Save a thumper. Ingo has done it.<\/a><\/div>      \n            \n      <div class=\"ue-grid-item-intro\">Ingo...<\/div>          <\/div>\n  \n    \n    \n  \n<\/div>\n<div class=\"ue-grid-item\">\n\t<div class=\"ue-grid-item-image\">\n       \n          <img loading=\"lazy\" decoding=\"async\" src=\"https:\/\/moto.kedo.de\/wp-content\/uploads\/2024\/08\/KEDO_Valerie_rettet_eine_XT_Startbild.jpg\"  alt=\"KEDO_Valerie_saves_one_XT_start_picture\" width=\"1920\" height=\"1791\">  \n      \t\n      \n      <a class=\"ue-grid-item-image-overlay\" href=\"https:\/\/moto.kedo.de\/en\/valerie-und-ihre-1978er-xt500\/\"><\/a>\n    <\/div>\n    <div class=\"ue-grid-item-content\">\n      \n      \n                  \n      \n            \n      <div class=\"ue-grid-item-title\"><a href=\"https:\/\/moto.kedo.de\/en\/valerie-und-ihre-1978er-xt500\/\">Valerie and her 1978 XT500<\/a><\/div>      \n            \n      <div class=\"ue-grid-item-intro\">A...<\/div>          <\/div>\n  \n    \n    \n  \n<\/div>\n<div class=\"ue-grid-item\">\n\t<div class=\"ue-grid-item-image\">\n       \n          <img loading=\"lazy\" decoding=\"async\" src=\"https:\/\/moto.kedo.de\/wp-content\/uploads\/2024\/07\/Scheggerott_Classic_GP_23.jpg\"  alt=\"Scheggerott_Classic_GP_23\" width=\"1800\" height=\"1350\">  \n      \t\n      \n      <a class=\"ue-grid-item-image-overlay\" href=\"https:\/\/moto.kedo.de\/en\/scheggerotter-classic-grand-prix\/\"><\/a>\n    <\/div>\n    <div class=\"ue-grid-item-content\">\n      \n      \n                  \n      \n            \n      <div class=\"ue-grid-item-title\"><a href=\"https:\/\/moto.kedo.de\/en\/scheggerotter-classic-grand-prix\/\">Scheggerotter Classic Grand Prix<\/a><\/div>      \n            \n      <div class=\"ue-grid-item-intro\">A...<\/div>          <\/div>\n  \n    \n    \n  \n<\/div>\n<div class=\"ue-grid-item\">\n\t<div class=\"ue-grid-item-image\">\n       \n          <img loading=\"lazy\" decoding=\"async\" src=\"https:\/\/moto.kedo.de\/wp-content\/uploads\/2024\/06\/KEDO_Moritz_Bree_THE_MILE_SR500_0112_27.jpg\"  alt=\"KEDO_Moritz_Bree_THE_MILE_SR500_0112_27\" width=\"1350\" height=\"1800\">  \n      \t\n      \n      <a class=\"ue-grid-item-image-overlay\" href=\"https:\/\/moto.kedo.de\/en\/moritz-bree-erschafft-und-fahrt-the-mile-wheels-and-waves-2024\/\"><\/a>\n    <\/div>\n    <div class=\"ue-grid-item-content\">\n      \n      \n                  \n      \n            \n      <div class=\"ue-grid-item-title\"><a href=\"https:\/\/moto.kedo.de\/en\/moritz-bree-erschafft-und-fahrt-the-mile-wheels-and-waves-2024\/\">Moritz Br\u00e9e creates and rides \"The Mile\" - Wheels and Waves 2024<\/a><\/div>      \n            \n      <div class=\"ue-grid-item-intro\">A...<\/div>          <\/div>\n  \n    \n    \n  \n<\/div>\n<div class=\"ue-grid-item\">\n\t<div class=\"ue-grid-item-image\">\n       \n          <img loading=\"lazy\" decoding=\"async\" src=\"https:\/\/moto.kedo.de\/wp-content\/uploads\/2024\/04\/KEDO_SR500_Vergaser_VM34SS-Startbild.jpg\"  alt=\"KEDO_SR500_carburetor_VM34SS start picture\" width=\"1200\" height=\"1200\">  \n      \t\n      \n      <a class=\"ue-grid-item-image-overlay\" href=\"https:\/\/moto.kedo.de\/en\/sr500-vergaser\/\"><\/a>\n    <\/div>\n    <div class=\"ue-grid-item-content\">\n      \n      \n                  \n      \n            \n      <div class=\"ue-grid-item-title\"><a href=\"https:\/\/moto.kedo.de\/en\/sr500-vergaser\/\">SR500 - Carburetor<\/a><\/div>      \n            \n      <div class=\"ue-grid-item-intro\">VM34SS\n\t\t\t\t\t\t\t\n\n\t\t\t\t\t\t\t\t\t\t\t\t\t\t\t\tBST34\n\t\t\t\t\t\t\t\n\n\t\t\t\t\t\t\t\t\t\t\t\t\t\t\t\tTM36...<\/div>          <\/div>\n  \n    \n    \n  \n<\/div>\n<div class=\"ue-grid-item\">\n\t<div class=\"ue-grid-item-image\">\n       \n          <img loading=\"lazy\" decoding=\"async\" src=\"https:\/\/moto.kedo.de\/wp-content\/uploads\/2024\/02\/KEDO_XT500_TT500_orange_START2.jpg\"  alt=\"KEDO_XT500_TT500_orange_START2\" width=\"1920\" height=\"1920\">  \n      \t\n      \n      <a class=\"ue-grid-item-image-overlay\" href=\"https:\/\/moto.kedo.de\/en\/xt500-im-tt500-new-el-toro-orange-look\/\"><\/a>\n    <\/div>\n    <div class=\"ue-grid-item-content\">\n      \n      \n                  \n      \n            \n      <div class=\"ue-grid-item-title\"><a href=\"https:\/\/moto.kedo.de\/en\/xt500-im-tt500-new-el-toro-orange-look\/\">XT500 in TT500 'New El Toro Orange' look<\/a><\/div>      \n            \n      <div class=\"ue-grid-item-intro\">At the latest...<\/div>          <\/div>\n  \n    \n    \n  \n<\/div>\n<div class=\"ue-grid-item\">\n\t<div class=\"ue-grid-item-image\">\n       \n          <img loading=\"lazy\" decoding=\"async\" src=\"https:\/\/moto.kedo.de\/wp-content\/uploads\/2024\/07\/Kedo_XT500_TT500_Sidestand_Startbild4.jpg\"  alt=\"Kedo_XT500_TT500_Sidestand_Startbild4\" width=\"1200\" height=\"919\">  \n      \t\n      \n      <a class=\"ue-grid-item-image-overlay\" href=\"https:\/\/moto.kedo.de\/en\/xt500-der-passende-seitenstaender\/\"><\/a>\n    <\/div>\n    <div class=\"ue-grid-item-content\">\n      \n      \n                  \n      \n            \n      <div class=\"ue-grid-item-title\"><a href=\"https:\/\/moto.kedo.de\/en\/xt500-der-passende-seitenstaender\/\">XT500\/TT500 - The right side stand<\/a><\/div>      \n            \n      <div class=\"ue-grid-item-intro\">Side stand:...<\/div>          <\/div>\n  \n    \n    \n  \n<\/div>\n<div class=\"ue-grid-item\">\n\t<div class=\"ue-grid-item-image\">\n       \n          <img loading=\"lazy\" decoding=\"async\" src=\"https:\/\/moto.kedo.de\/wp-content\/uploads\/2023\/12\/KEDO_XT500_TT500_Yellow_Start.jpg\"  alt=\"KEDO_XT500_TT500_Yellow_Start\" width=\"1920\" height=\"1920\">  \n      \t\n      \n      <a class=\"ue-grid-item-image-overlay\" href=\"https:\/\/moto.kedo.de\/en\/xt500-im-chic-der-yellow-competition-tt\/\"><\/a>\n    <\/div>\n    <div class=\"ue-grid-item-content\">\n      \n      \n                  \n      \n            \n      <div class=\"ue-grid-item-title\"><a href=\"https:\/\/moto.kedo.de\/en\/xt500-im-chic-der-yellow-competition-tt\/\">XT500 in the 'chic' style of the Yellow-Competition-TT<\/a><\/div>      \n            \n      <div class=\"ue-grid-item-intro\">Especially...<\/div>          <\/div>\n  \n    \n    \n  \n<\/div>\n<div class=\"ue-grid-item\">\n\t<div class=\"ue-grid-item-image\">\n       \n          <img loading=\"lazy\" decoding=\"async\" src=\"https:\/\/moto.kedo.de\/wp-content\/uploads\/2023\/11\/Kedo_SR500_SR400_Komfortsitzbank_Dekor_29579KS_Start.jpg\"  alt=\"Kedo_SR500_SR400_Komfortsitzbank_Dekor_29579KS_Start\" width=\"1177\" height=\"1177\">  \n      \t\n      \n      <a class=\"ue-grid-item-image-overlay\" href=\"https:\/\/moto.kedo.de\/en\/sr500-sr400-heckbuerzel-und-dekore-fuer-die-kedo-1-1-2-komfort-sitzbaenke\/\"><\/a>\n    <\/div>\n    <div class=\"ue-grid-item-content\">\n      \n      \n                  \n      \n            \n      <div class=\"ue-grid-item-title\"><a href=\"https:\/\/moto.kedo.de\/en\/sr500-sr400-heckbuerzel-und-dekore-fuer-die-kedo-1-1-2-komfort-sitzbaenke\/\">SR500\/SR400 - Rear apron and decors for the KEDO 1 1\/2 comfort bench seats<\/a><\/div>      \n            \n      <div class=\"ue-grid-item-intro\">The...<\/div>          <\/div>\n  \n    \n    \n  \n<\/div>\n<div class=\"ue-grid-item\">\n\t<div class=\"ue-grid-item-image\">\n       \n          <img loading=\"lazy\" decoding=\"async\" src=\"https:\/\/moto.kedo.de\/wp-content\/uploads\/2023\/09\/KEDO-Kunden_Bikes_6.jpg\"  alt=\"KEDO-Customers_Bikes_6\" width=\"1200\" height=\"900\">  \n      \t\n      \n      <a class=\"ue-grid-item-image-overlay\" href=\"https:\/\/moto.kedo.de\/en\/eure-maschinen\/\"><\/a>\n    <\/div>\n    <div class=\"ue-grid-item-content\">\n      \n      \n                  \n      \n            \n      <div class=\"ue-grid-item-title\"><a href=\"https:\/\/moto.kedo.de\/en\/eure-maschinen\/\">Your machines<\/a><\/div>      \n            \n      <div class=\"ue-grid-item-intro\">What...<\/div>          <\/div>\n  \n    \n    \n  \n<\/div>\n\n<\/div>\n\n\n<!-- end Post Magazine Grid -->\t\t\t\t<\/div>\n\t\t\t\t<\/div>\n\t\t\t\t<\/div>\n\t\t\t\t<\/div>","protected":false},"excerpt":{"rendered":"<p>Hazelrodeo 2023 04-06.... T\u00e9n\u00e9r\u00e9 Spirit Camp 2023 30... Aluminum side cover cover Aluminum side cover cover,... Wietstock Classic OFFRoad Festival 2023 2023... STAR LED turn signal units Handlebar turn signals... XT500 Aluminum engine guard Finally... 45 years SR500 - The party in Herbstein The... Intake snorkel set for... XT500 Repair foot brake lever shaft A... XT500 E-Starter The...<\/p>","protected":false},"author":2,"featured_media":0,"parent":0,"menu_order":0,"comment_status":"closed","ping_status":"closed","template":"elementor_header_footer","meta":{"footnotes":""},"class_list":["post-188","page","type-page","status-publish","hentry"],"yoast_head":"<!-- This site is optimized with the Yoast SEO plugin v27.3 - https:\/\/yoast.com\/product\/yoast-seo-wordpress\/ -->\n<title>NEWS - KEDO - MOTORCYCLE PARTS<\/title>\n<meta name=\"robots\" content=\"index, follow, max-snippet:-1, max-image-preview:large, max-video-preview:-1\" \/>\n<link rel=\"canonical\" href=\"https:\/\/moto.kedo.de\/en\/news\/\" \/>\n<meta property=\"og:locale\" content=\"en_US\" \/>\n<meta property=\"og:type\" content=\"article\" \/>\n<meta property=\"og:title\" content=\"NEWS - KEDO - MOTORCYCLE PARTS\" \/>\n<meta property=\"og:description\" content=\"Haselrodeo 2023 04.-06&#8230;. T\u00e9n\u00e9r\u00e9 Spirit Camp 2023 30&#8230; Aluminium-Seitendeckel-Cover Aluminium-Seitendeckel-Cover,&#8230; Wietstock Classic OFFRoad Festival 2023 2023&#8230; STAR-LED-Blinkereinheiten Lenkerblinker&#8230; XT500 Alu-Motorschutz Endlich&#8230; 45 Jahre SR500 &#8211; Die Party in Herbstein Die&#8230; Ansaug-Schnorchel-Set f\u00fcr&#8230; XT500 Reparatur-Fu\u00dfbremshebel-Welle Ein&#8230; XT500 E-Starter Der&#8230;\" \/>\n<meta property=\"og:url\" content=\"https:\/\/moto.kedo.de\/en\/news\/\" \/>\n<meta property=\"og:site_name\" content=\"KEDO - MOTORCYCLE PARTS\" \/>\n<meta property=\"article:publisher\" content=\"https:\/\/www.facebook.com\/KEDO.Hamburg\" \/>\n<meta property=\"article:modified_time\" content=\"2023-07-30T12:24:51+00:00\" \/>\n<meta property=\"og:image\" content=\"https:\/\/moto.kedo.de\/wp-content\/uploads\/2022\/03\/kedo_yamaha_motorcycle_xt500-sr500-xt250-t700_2022_Haselrodeo_07.jpg\" \/>\n<meta name=\"twitter:card\" content=\"summary_large_image\" \/>\n<meta name=\"twitter:label1\" content=\"Est. reading time\" \/>\n\t<meta name=\"twitter:data1\" content=\"4 minutes\" \/>\n<script type=\"application\/ld+json\" class=\"yoast-schema-graph\">{\"@context\":\"https:\\\/\\\/schema.org\",\"@graph\":[{\"@type\":\"WebPage\",\"@id\":\"https:\\\/\\\/moto.kedo.de\\\/news\\\/\",\"url\":\"https:\\\/\\\/moto.kedo.de\\\/news\\\/\",\"name\":\"NEWS - KEDO - MOTORCYCLE PARTS\",\"isPartOf\":{\"@id\":\"https:\\\/\\\/moto.kedo.de\\\/#website\"},\"primaryImageOfPage\":{\"@id\":\"https:\\\/\\\/moto.kedo.de\\\/news\\\/#primaryimage\"},\"image\":{\"@id\":\"https:\\\/\\\/moto.kedo.de\\\/news\\\/#primaryimage\"},\"thumbnailUrl\":\"https:\\\/\\\/moto.kedo.de\\\/wp-content\\\/uploads\\\/2022\\\/03\\\/kedo_yamaha_motorcycle_xt500-sr500-xt250-t700_2022_Haselrodeo_07.jpg\",\"datePublished\":\"2023-03-08T11:46:34+00:00\",\"dateModified\":\"2023-07-30T12:24:51+00:00\",\"breadcrumb\":{\"@id\":\"https:\\\/\\\/moto.kedo.de\\\/news\\\/#breadcrumb\"},\"inLanguage\":\"en-US\",\"potentialAction\":[{\"@type\":\"ReadAction\",\"target\":[\"https:\\\/\\\/moto.kedo.de\\\/news\\\/\"]}]},{\"@type\":\"ImageObject\",\"inLanguage\":\"en-US\",\"@id\":\"https:\\\/\\\/moto.kedo.de\\\/news\\\/#primaryimage\",\"url\":\"https:\\\/\\\/moto.kedo.de\\\/wp-content\\\/uploads\\\/2022\\\/03\\\/kedo_yamaha_motorcycle_xt500-sr500-xt250-t700_2022_Haselrodeo_07.jpg\",\"contentUrl\":\"https:\\\/\\\/moto.kedo.de\\\/wp-content\\\/uploads\\\/2022\\\/03\\\/kedo_yamaha_motorcycle_xt500-sr500-xt250-t700_2022_Haselrodeo_07.jpg\"},{\"@type\":\"BreadcrumbList\",\"@id\":\"https:\\\/\\\/moto.kedo.de\\\/news\\\/#breadcrumb\",\"itemListElement\":[{\"@type\":\"ListItem\",\"position\":1,\"name\":\"Startseite\",\"item\":\"https:\\\/\\\/moto.kedo.de\\\/\"},{\"@type\":\"ListItem\",\"position\":2,\"name\":\"NEWS\"}]},{\"@type\":\"WebSite\",\"@id\":\"https:\\\/\\\/moto.kedo.de\\\/#website\",\"url\":\"https:\\\/\\\/moto.kedo.de\\\/\",\"name\":\"KEDO - MOTORCYCLE PARTS\",\"description\":\"SR500 | TT500 | XT500 | XT250 | XT600 | T700\",\"publisher\":{\"@id\":\"https:\\\/\\\/moto.kedo.de\\\/#organization\"},\"potentialAction\":[{\"@type\":\"SearchAction\",\"target\":{\"@type\":\"EntryPoint\",\"urlTemplate\":\"https:\\\/\\\/moto.kedo.de\\\/?s={search_term_string}\"},\"query-input\":{\"@type\":\"PropertyValueSpecification\",\"valueRequired\":true,\"valueName\":\"search_term_string\"}}],\"inLanguage\":\"en-US\"},{\"@type\":\"Organization\",\"@id\":\"https:\\\/\\\/moto.kedo.de\\\/#organization\",\"name\":\"KEDO - MOTORCYCLE PARTS\",\"url\":\"https:\\\/\\\/moto.kedo.de\\\/\",\"logo\":{\"@type\":\"ImageObject\",\"inLanguage\":\"en-US\",\"@id\":\"https:\\\/\\\/moto.kedo.de\\\/#\\\/schema\\\/logo\\\/image\\\/\",\"url\":\"https:\\\/\\\/moto.kedo.de\\\/wp-content\\\/uploads\\\/2022\\\/08\\\/KEDO_Szene04b.svg\",\"contentUrl\":\"https:\\\/\\\/moto.kedo.de\\\/wp-content\\\/uploads\\\/2022\\\/08\\\/KEDO_Szene04b.svg\",\"width\":1939.5,\"height\":604.8,\"caption\":\"KEDO - MOTORCYCLE PARTS\"},\"image\":{\"@id\":\"https:\\\/\\\/moto.kedo.de\\\/#\\\/schema\\\/logo\\\/image\\\/\"},\"sameAs\":[\"https:\\\/\\\/www.facebook.com\\\/KEDO.Hamburg\",\"https:\\\/\\\/www.instagram.com\\\/kedo_gmbh_hamburg\\\/\",\"https:\\\/\\\/www.youtube.com\\\/@KedoTeam\"]}]}<\/script>\n<!-- \/ Yoast SEO plugin. -->","yoast_head_json":{"title":"NEWS - KEDO - MOTORCYCLE PARTS","robots":{"index":"index","follow":"follow","max-snippet":"max-snippet:-1","max-image-preview":"max-image-preview:large","max-video-preview":"max-video-preview:-1"},"canonical":"https:\/\/moto.kedo.de\/en\/news\/","og_locale":"en_US","og_type":"article","og_title":"NEWS - KEDO - MOTORCYCLE PARTS","og_description":"Haselrodeo 2023 04.-06&#8230;. T\u00e9n\u00e9r\u00e9 Spirit Camp 2023 30&#8230; Aluminium-Seitendeckel-Cover Aluminium-Seitendeckel-Cover,&#8230; Wietstock Classic OFFRoad Festival 2023 2023&#8230; STAR-LED-Blinkereinheiten Lenkerblinker&#8230; XT500 Alu-Motorschutz Endlich&#8230; 45 Jahre SR500 &#8211; Die Party in Herbstein Die&#8230; Ansaug-Schnorchel-Set f\u00fcr&#8230; XT500 Reparatur-Fu\u00dfbremshebel-Welle Ein&#8230; XT500 E-Starter Der&#8230;","og_url":"https:\/\/moto.kedo.de\/en\/news\/","og_site_name":"KEDO - MOTORCYCLE PARTS","article_publisher":"https:\/\/www.facebook.com\/KEDO.Hamburg","article_modified_time":"2023-07-30T12:24:51+00:00","og_image":[{"url":"https:\/\/moto.kedo.de\/wp-content\/uploads\/2022\/03\/kedo_yamaha_motorcycle_xt500-sr500-xt250-t700_2022_Haselrodeo_07.jpg","type":"","width":"","height":""}],"twitter_card":"summary_large_image","twitter_misc":{"Est. reading time":"4 minutes"},"schema":{"@context":"https:\/\/schema.org","@graph":[{"@type":"WebPage","@id":"https:\/\/moto.kedo.de\/news\/","url":"https:\/\/moto.kedo.de\/news\/","name":"NEWS - KEDO - MOTORCYCLE PARTS","isPartOf":{"@id":"https:\/\/moto.kedo.de\/#website"},"primaryImageOfPage":{"@id":"https:\/\/moto.kedo.de\/news\/#primaryimage"},"image":{"@id":"https:\/\/moto.kedo.de\/news\/#primaryimage"},"thumbnailUrl":"https:\/\/moto.kedo.de\/wp-content\/uploads\/2022\/03\/kedo_yamaha_motorcycle_xt500-sr500-xt250-t700_2022_Haselrodeo_07.jpg","datePublished":"2023-03-08T11:46:34+00:00","dateModified":"2023-07-30T12:24:51+00:00","breadcrumb":{"@id":"https:\/\/moto.kedo.de\/news\/#breadcrumb"},"inLanguage":"en-US","potentialAction":[{"@type":"ReadAction","target":["https:\/\/moto.kedo.de\/news\/"]}]},{"@type":"ImageObject","inLanguage":"en-US","@id":"https:\/\/moto.kedo.de\/news\/#primaryimage","url":"https:\/\/moto.kedo.de\/wp-content\/uploads\/2022\/03\/kedo_yamaha_motorcycle_xt500-sr500-xt250-t700_2022_Haselrodeo_07.jpg","contentUrl":"https:\/\/moto.kedo.de\/wp-content\/uploads\/2022\/03\/kedo_yamaha_motorcycle_xt500-sr500-xt250-t700_2022_Haselrodeo_07.jpg"},{"@type":"BreadcrumbList","@id":"https:\/\/moto.kedo.de\/news\/#breadcrumb","itemListElement":[{"@type":"ListItem","position":1,"name":"Startseite","item":"https:\/\/moto.kedo.de\/"},{"@type":"ListItem","position":2,"name":"NEWS"}]},{"@type":"WebSite","@id":"https:\/\/moto.kedo.de\/#website","url":"https:\/\/moto.kedo.de\/","name":"KEDO - MOTORCYCLE PARTS","description":"SR500 | TT500 | XT500 | XT250 | XT600 | T700","publisher":{"@id":"https:\/\/moto.kedo.de\/#organization"},"potentialAction":[{"@type":"SearchAction","target":{"@type":"EntryPoint","urlTemplate":"https:\/\/moto.kedo.de\/?s={search_term_string}"},"query-input":{"@type":"PropertyValueSpecification","valueRequired":true,"valueName":"search_term_string"}}],"inLanguage":"en-US"},{"@type":"Organization","@id":"https:\/\/moto.kedo.de\/#organization","name":"KEDO - MOTORCYCLE PARTS","url":"https:\/\/moto.kedo.de\/","logo":{"@type":"ImageObject","inLanguage":"en-US","@id":"https:\/\/moto.kedo.de\/#\/schema\/logo\/image\/","url":"https:\/\/moto.kedo.de\/wp-content\/uploads\/2022\/08\/KEDO_Szene04b.svg","contentUrl":"https:\/\/moto.kedo.de\/wp-content\/uploads\/2022\/08\/KEDO_Szene04b.svg","width":1939.5,"height":604.8,"caption":"KEDO - MOTORCYCLE PARTS"},"image":{"@id":"https:\/\/moto.kedo.de\/#\/schema\/logo\/image\/"},"sameAs":["https:\/\/www.facebook.com\/KEDO.Hamburg","https:\/\/www.instagram.com\/kedo_gmbh_hamburg\/","https:\/\/www.youtube.com\/@KedoTeam"]}]}},"_links":{"self":[{"href":"https:\/\/moto.kedo.de\/en\/wp-json\/wp\/v2\/pages\/188","targetHints":{"allow":["GET"]}}],"collection":[{"href":"https:\/\/moto.kedo.de\/en\/wp-json\/wp\/v2\/pages"}],"about":[{"href":"https:\/\/moto.kedo.de\/en\/wp-json\/wp\/v2\/types\/page"}],"author":[{"embeddable":true,"href":"https:\/\/moto.kedo.de\/en\/wp-json\/wp\/v2\/users\/2"}],"replies":[{"embeddable":true,"href":"https:\/\/moto.kedo.de\/en\/wp-json\/wp\/v2\/comments?post=188"}],"version-history":[{"count":0,"href":"https:\/\/moto.kedo.de\/en\/wp-json\/wp\/v2\/pages\/188\/revisions"}],"wp:attachment":[{"href":"https:\/\/moto.kedo.de\/en\/wp-json\/wp\/v2\/media?parent=188"}],"curies":[{"name":"wp","href":"https:\/\/api.w.org\/{rel}","templated":true}]}}