{"id":28439,"date":"2025-10-06T09:56:38","date_gmt":"2025-10-06T07:56:38","guid":{"rendered":"https:\/\/moto.kedo.de\/?page_id=28439"},"modified":"2025-10-06T10:42:52","modified_gmt":"2025-10-06T08:42:52","slug":"products-archive","status":"publish","type":"page","link":"https:\/\/moto.kedo.de\/en\/produkte-archiv\/","title":{"rendered":"PRODUCTS - ARCHIVE"},"content":{"rendered":"<div data-elementor-type=\"wp-page\" data-elementor-id=\"28439\" class=\"elementor elementor-28439\" data-elementor-post-type=\"page\">\n\t\t\t\t<div class=\"elementor-element elementor-element-d220080 e-flex e-con-boxed e-con e-parent\" data-id=\"d220080\" data-element_type=\"container\" data-e-type=\"container\">\n\t\t\t\t\t<div class=\"e-con-inner\">\n\t\t\t\t\t<\/div>\n\t\t\t\t<\/div>\n\t\t<div class=\"elementor-element elementor-element-76cc977 e-con-full e-flex e-con e-parent\" data-id=\"76cc977\" data-element_type=\"container\" data-e-type=\"container\" data-settings=\"{&quot;background_background&quot;:&quot;classic&quot;}\">\n\t\t\t\t<div class=\"elementor-element elementor-element-fe3ee60 elementor-widget elementor-widget-heading\" data-id=\"fe3ee60\" data-element_type=\"widget\" data-e-type=\"widget\" data-widget_type=\"heading.default\">\n\t\t\t\t<div class=\"elementor-widget-container\">\n\t\t\t\t\t<h2 class=\"elementor-heading-title elementor-size-default\">Archive<\/h2>\t\t\t\t<\/div>\n\t\t\t\t<\/div>\n\t\t\t\t<div class=\"elementor-element elementor-element-bfd3c8e elementor-widget elementor-widget-heading\" data-id=\"bfd3c8e\" data-element_type=\"widget\" data-e-type=\"widget\" data-widget_type=\"heading.default\">\n\t\t\t\t<div class=\"elementor-widget-container\">\n\t\t\t\t\t<h2 class=\"elementor-heading-title elementor-size-default\">Products<\/h2>\t\t\t\t<\/div>\n\t\t\t\t<\/div>\n\t\t\t\t<div class=\"elementor-element elementor-element-279c755 elementor-widget elementor-widget-spacer\" data-id=\"279c755\" data-element_type=\"widget\" data-e-type=\"widget\" data-widget_type=\"spacer.default\">\n\t\t\t\t<div class=\"elementor-widget-container\">\n\t\t\t\t\t\t\t<div class=\"elementor-spacer\">\n\t\t\t<div class=\"elementor-spacer-inner\"><\/div>\n\t\t<\/div>\n\t\t\t\t\t\t<\/div>\n\t\t\t\t<\/div>\n\t\t\t\t<div class=\"elementor-element elementor-element-0d4b0d8 elementor-widget__width-initial elementor-widget elementor-widget-text-editor\" data-id=\"0d4b0d8\" data-element_type=\"widget\" data-e-type=\"widget\" data-widget_type=\"text-editor.default\">\n\t\t\t\t<div class=\"elementor-widget-container\">\n\t\t\t\t\t\t\t\t\t<p>On the KEDO product archive page we collect all the products we have ever presented. <br \/>You can browse and discover here and keep checking the store to see if they are still available.<\/p>\t\t\t\t\t\t\t\t<\/div>\n\t\t\t\t<\/div>\n\t\t\t\t<div class=\"elementor-element elementor-element-cfab682 elementor-widget elementor-widget-spacer\" data-id=\"cfab682\" data-element_type=\"widget\" data-e-type=\"widget\" data-widget_type=\"spacer.default\">\n\t\t\t\t<div class=\"elementor-widget-container\">\n\t\t\t\t\t\t\t<div class=\"elementor-spacer\">\n\t\t\t<div class=\"elementor-spacer-inner\"><\/div>\n\t\t<\/div>\n\t\t\t\t\t\t<\/div>\n\t\t\t\t<\/div>\n\t\t\t\t<div class=\"elementor-element elementor-element-83da503 elementor-align-center elementor-widget elementor-widget-button\" data-id=\"83da503\" data-element_type=\"widget\" data-e-type=\"widget\" data-widget_type=\"button.default\">\n\t\t\t\t<div class=\"elementor-widget-container\">\n\t\t\t\t\t\t\t\t\t<div class=\"elementor-button-wrapper\">\n\t\t\t\t\t<a class=\"elementor-button elementor-button-link elementor-size-sm\" href=\"https:\/\/www.kedo.com\/\" target=\"_blank\">\n\t\t\t\t\t\t<span class=\"elementor-button-content-wrapper\">\n\t\t\t\t\t\t\t\t\t<span class=\"elementor-button-text\">Directly to the store<\/span>\n\t\t\t\t\t<\/span>\n\t\t\t\t\t<\/a>\n\t\t\t\t<\/div>\n\t\t\t\t\t\t\t\t<\/div>\n\t\t\t\t<\/div>\n\t\t\t\t<\/div>\n\t\t<div class=\"elementor-element elementor-element-35c4306 e-con-full e-flex e-con e-parent\" data-id=\"35c4306\" data-element_type=\"container\" data-e-type=\"container\">\n\t\t\t\t<div class=\"elementor-element elementor-element-7b1abf3 elementor-widget__width-initial elementor-grid-4 elementor-grid-tablet-2 elementor-grid-mobile-1 elementor-posts--thumbnail-top elementor-widget elementor-widget-posts\" data-id=\"7b1abf3\" data-element_type=\"widget\" data-e-type=\"widget\" data-settings=\"{&quot;classic_row_gap&quot;:{&quot;unit&quot;:&quot;px&quot;,&quot;size&quot;:45,&quot;sizes&quot;:[]},&quot;classic_columns&quot;:&quot;4&quot;,&quot;pagination_type&quot;:&quot;numbers&quot;,&quot;classic_columns_tablet&quot;:&quot;2&quot;,&quot;classic_columns_mobile&quot;:&quot;1&quot;,&quot;classic_row_gap_tablet&quot;:{&quot;unit&quot;:&quot;px&quot;,&quot;size&quot;:&quot;&quot;,&quot;sizes&quot;:[]},&quot;classic_row_gap_mobile&quot;:{&quot;unit&quot;:&quot;px&quot;,&quot;size&quot;:&quot;&quot;,&quot;sizes&quot;:[]}}\" data-widget_type=\"posts.classic\">\n\t\t\t\t<div class=\"elementor-widget-container\">\n\t\t\t\t\t\t\t<div class=\"elementor-posts-container elementor-posts elementor-posts--skin-classic elementor-grid\" role=\"list\">\n\t\t\t\t<article class=\"elementor-post elementor-grid-item post-7032 post type-post status-publish format-standard has-post-thumbnail hentry category-archiv-produkte\" role=\"listitem\">\n\t\t\t\t<a class=\"elementor-post__thumbnail__link\" href=\"https:\/\/moto.kedo.de\/en\/alles-fuer-die-t700\/\" tabindex=\"-1\" >\n\t\t\t<div class=\"elementor-post__thumbnail\"><img fetchpriority=\"high\" decoding=\"async\" width=\"928\" height=\"1258\" src=\"https:\/\/moto.kedo.de\/wp-content\/uploads\/2023\/08\/KEDO-T700-Katalog-mokup.jpg\" class=\"attachment-full size-full wp-image-7062\" alt=\"\" srcset=\"https:\/\/moto.kedo.de\/wp-content\/uploads\/2023\/08\/KEDO-T700-Katalog-mokup.jpg 928w, https:\/\/moto.kedo.de\/wp-content\/uploads\/2023\/08\/KEDO-T700-Katalog-mokup-221x300.jpg 221w, https:\/\/moto.kedo.de\/wp-content\/uploads\/2023\/08\/KEDO-T700-Katalog-mokup-755x1024.jpg 755w, https:\/\/moto.kedo.de\/wp-content\/uploads\/2023\/08\/KEDO-T700-Katalog-mokup-768x1041.jpg 768w\" sizes=\"(max-width: 928px) 100vw, 928px\" \/><\/div>\n\t\t<\/a>\n\t\t\t\t<div class=\"elementor-post__text\">\n\t\t\t\t<h3 class=\"elementor-post__title\">\n\t\t\t<a href=\"https:\/\/moto.kedo.de\/en\/alles-fuer-die-t700\/\" >\n\t\t\t\tEverything for the T\u00e9n\u00e9r\u00e9 700\t\t\t<\/a>\n\t\t<\/h3>\n\t\t\n\t\t<a class=\"elementor-post__read-more\" href=\"https:\/\/moto.kedo.de\/en\/alles-fuer-die-t700\/\" aria-label=\"Read more about Everything for the T\u00e9n\u00e9r\u00e9 700\" tabindex=\"-1\" >\n\t\t\tTo the product \"\t\t<\/a>\n\n\t\t\t\t<\/div>\n\t\t\t\t<\/article>\n\t\t\t\t<article class=\"elementor-post elementor-grid-item post-6084 post type-post status-publish format-standard has-post-thumbnail hentry category-archiv-produkte\" role=\"listitem\">\n\t\t\t\t<a class=\"elementor-post__thumbnail__link\" href=\"https:\/\/moto.kedo.de\/en\/sport-tauschluftfilter-2\/\" tabindex=\"-1\" >\n\t\t\t<div class=\"elementor-post__thumbnail\"><img decoding=\"async\" width=\"800\" height=\"800\" src=\"https:\/\/moto.kedo.de\/wp-content\/uploads\/2023\/07\/KEDO_91368RP_XT500_Produktbild.jpg\" class=\"attachment-full size-full wp-image-4935\" alt=\"\" srcset=\"https:\/\/moto.kedo.de\/wp-content\/uploads\/2023\/07\/KEDO_91368RP_XT500_Produktbild.jpg 800w, https:\/\/moto.kedo.de\/wp-content\/uploads\/2023\/07\/KEDO_91368RP_XT500_Produktbild-300x300.jpg 300w, https:\/\/moto.kedo.de\/wp-content\/uploads\/2023\/07\/KEDO_91368RP_XT500_Produktbild-150x150.jpg 150w, https:\/\/moto.kedo.de\/wp-content\/uploads\/2023\/07\/KEDO_91368RP_XT500_Produktbild-768x768.jpg 768w\" sizes=\"(max-width: 800px) 100vw, 800px\" \/><\/div>\n\t\t<\/a>\n\t\t\t\t<div class=\"elementor-post__text\">\n\t\t\t\t<h3 class=\"elementor-post__title\">\n\t\t\t<a href=\"https:\/\/moto.kedo.de\/en\/sport-tauschluftfilter-2\/\" >\n\t\t\t\tSports replacement air filter\t\t\t<\/a>\n\t\t<\/h3>\n\t\t\n\t\t<a class=\"elementor-post__read-more\" href=\"https:\/\/moto.kedo.de\/en\/sport-tauschluftfilter-2\/\" aria-label=\"Read more about Sport replacement air filter\" tabindex=\"-1\" >\n\t\t\tTo the product \"\t\t<\/a>\n\n\t\t\t\t<\/div>\n\t\t\t\t<\/article>\n\t\t\t\t<article class=\"elementor-post elementor-grid-item post-4318 post type-post status-publish format-standard has-post-thumbnail hentry category-archiv-produkte\" role=\"listitem\">\n\t\t\t\t<a class=\"elementor-post__thumbnail__link\" href=\"https:\/\/moto.kedo.de\/en\/schnellflick\/\" tabindex=\"-1\" >\n\t\t\t<div class=\"elementor-post__thumbnail\"><img decoding=\"async\" width=\"800\" height=\"800\" src=\"https:\/\/moto.kedo.de\/wp-content\/uploads\/2023\/07\/KEDO_60615_Produktbild.jpg\" class=\"attachment-full size-full wp-image-4801\" alt=\"\" srcset=\"https:\/\/moto.kedo.de\/wp-content\/uploads\/2023\/07\/KEDO_60615_Produktbild.jpg 800w, https:\/\/moto.kedo.de\/wp-content\/uploads\/2023\/07\/KEDO_60615_Produktbild-300x300.jpg 300w, https:\/\/moto.kedo.de\/wp-content\/uploads\/2023\/07\/KEDO_60615_Produktbild-150x150.jpg 150w, https:\/\/moto.kedo.de\/wp-content\/uploads\/2023\/07\/KEDO_60615_Produktbild-768x768.jpg 768w\" sizes=\"(max-width: 800px) 100vw, 800px\" \/><\/div>\n\t\t<\/a>\n\t\t\t\t<div class=\"elementor-post__text\">\n\t\t\t\t<h3 class=\"elementor-post__title\">\n\t\t\t<a href=\"https:\/\/moto.kedo.de\/en\/schnellflick\/\" >\n\t\t\t\tQuick patch\t\t\t<\/a>\n\t\t<\/h3>\n\t\t\n\t\t<a class=\"elementor-post__read-more\" href=\"https:\/\/moto.kedo.de\/en\/schnellflick\/\" aria-label=\"Read more about Quick patch\" tabindex=\"-1\" >\n\t\t\tTo the product \"\t\t<\/a>\n\n\t\t\t\t<\/div>\n\t\t\t\t<\/article>\n\t\t\t\t<article class=\"elementor-post elementor-grid-item post-4201 post type-post status-publish format-standard has-post-thumbnail hentry category-archiv-produkte\" role=\"listitem\">\n\t\t\t\t<a class=\"elementor-post__thumbnail__link\" href=\"https:\/\/moto.kedo.de\/en\/motor-montage-staender-xt250\/\" tabindex=\"-1\" >\n\t\t\t<div class=\"elementor-post__thumbnail\"><img loading=\"lazy\" decoding=\"async\" width=\"800\" height=\"800\" src=\"https:\/\/moto.kedo.de\/wp-content\/uploads\/2023\/07\/KEDO_XT250_60284_Produktbild.jpg\" class=\"attachment-full size-full wp-image-4923\" alt=\"\" srcset=\"https:\/\/moto.kedo.de\/wp-content\/uploads\/2023\/07\/KEDO_XT250_60284_Produktbild.jpg 800w, https:\/\/moto.kedo.de\/wp-content\/uploads\/2023\/07\/KEDO_XT250_60284_Produktbild-300x300.jpg 300w, https:\/\/moto.kedo.de\/wp-content\/uploads\/2023\/07\/KEDO_XT250_60284_Produktbild-150x150.jpg 150w, https:\/\/moto.kedo.de\/wp-content\/uploads\/2023\/07\/KEDO_XT250_60284_Produktbild-768x768.jpg 768w\" sizes=\"(max-width: 800px) 100vw, 800px\" \/><\/div>\n\t\t<\/a>\n\t\t\t\t<div class=\"elementor-post__text\">\n\t\t\t\t<h3 class=\"elementor-post__title\">\n\t\t\t<a href=\"https:\/\/moto.kedo.de\/en\/motor-montage-staender-xt250\/\" >\n\t\t\t\tXT250 engine mounting stand\t\t\t<\/a>\n\t\t<\/h3>\n\t\t\n\t\t<a class=\"elementor-post__read-more\" href=\"https:\/\/moto.kedo.de\/en\/motor-montage-staender-xt250\/\" aria-label=\"Read more about XT250 engine mounting stand\" tabindex=\"-1\" >\n\t\t\tTo the product \"\t\t<\/a>\n\n\t\t\t\t<\/div>\n\t\t\t\t<\/article>\n\t\t\t\t<\/div>\n\t\t\n\t\t\t\t\t\t<\/div>\n\t\t\t\t<\/div>\n\t\t\t\t<\/div>\n\t\t<div class=\"elementor-element elementor-element-759d294 e-flex e-con-boxed e-con e-parent\" data-id=\"759d294\" data-element_type=\"container\" data-e-type=\"container\">\n\t\t\t\t\t<div class=\"e-con-inner\">\n\t\t\t\t<div class=\"elementor-element elementor-element-f026710 elementor-widget elementor-widget-button\" data-id=\"f026710\" data-element_type=\"widget\" data-e-type=\"widget\" data-widget_type=\"button.default\">\n\t\t\t\t<div class=\"elementor-widget-container\">\n\t\t\t\t\t\t\t\t\t<div class=\"elementor-button-wrapper\">\n\t\t\t\t\t<a class=\"elementor-button elementor-button-link elementor-size-sm\" href=\"\/produkte\/\">\n\t\t\t\t\t\t<span class=\"elementor-button-content-wrapper\">\n\t\t\t\t\t\t\t\t\t<span class=\"elementor-button-text\">Back to the current products<\/span>\n\t\t\t\t\t<\/span>\n\t\t\t\t\t<\/a>\n\t\t\t\t<\/div>\n\t\t\t\t\t\t\t\t<\/div>\n\t\t\t\t<\/div>\n\t\t\t\t\t<\/div>\n\t\t\t\t<\/div>\n\t\t\t\t<\/div>","protected":false},"excerpt":{"rendered":"<p>Products archive On the KEDO products archive page we collect all the products we have ever presented. Here you can browse and<\/p>","protected":false},"author":1,"featured_media":28389,"parent":0,"menu_order":0,"comment_status":"closed","ping_status":"closed","template":"elementor_header_footer","meta":{"footnotes":""},"class_list":["post-28439","page","type-page","status-publish","has-post-thumbnail","hentry"],"yoast_head":"<!-- This site is optimized with the Yoast SEO plugin v27.3 - https:\/\/yoast.com\/product\/yoast-seo-wordpress\/ -->\n<title>PRODUKTE - ARCHIV - KEDO - MOTORCYCLE PARTS<\/title>\n<meta name=\"robots\" content=\"index, follow, max-snippet:-1, max-image-preview:large, max-video-preview:-1\" \/>\n<link rel=\"canonical\" href=\"https:\/\/moto.kedo.de\/en\/products-archive\/\" \/>\n<meta property=\"og:locale\" content=\"en_US\" \/>\n<meta property=\"og:type\" content=\"article\" \/>\n<meta property=\"og:title\" content=\"PRODUKTE - ARCHIV - KEDO - MOTORCYCLE PARTS\" \/>\n<meta property=\"og:description\" content=\"Archiv Produkte Auf der KEDO Produkte-Archiv-Seite sammeln wir alle Produkte, die wir jemals vorgestellt haben. Hier k\u00f6nnt Ihr st\u00f6bern und\" \/>\n<meta property=\"og:url\" content=\"https:\/\/moto.kedo.de\/en\/products-archive\/\" \/>\n<meta property=\"og:site_name\" content=\"KEDO - MOTORCYCLE PARTS\" \/>\n<meta property=\"article:publisher\" content=\"https:\/\/www.facebook.com\/KEDO.Hamburg\" \/>\n<meta property=\"article:modified_time\" content=\"2025-10-06T08:42:52+00:00\" \/>\n<meta property=\"og:image\" content=\"https:\/\/moto.kedo.de\/wp-content\/uploads\/2025\/09\/kedo_yamaha_motorcycle_xt500-sr500-xt250-t700_bringthekickback-trophy-ride-out_42.jpg\" \/>\n\t<meta property=\"og:image:width\" content=\"1280\" \/>\n\t<meta property=\"og:image:height\" content=\"1920\" \/>\n\t<meta property=\"og:image:type\" content=\"image\/jpeg\" \/>\n<meta name=\"twitter:card\" content=\"summary_large_image\" \/>\n<meta name=\"twitter:label1\" content=\"Est. reading time\" \/>\n\t<meta name=\"twitter:data1\" content=\"2 minutes\" \/>\n<script type=\"application\/ld+json\" class=\"yoast-schema-graph\">{\"@context\":\"https:\\\/\\\/schema.org\",\"@graph\":[{\"@type\":\"WebPage\",\"@id\":\"https:\\\/\\\/moto.kedo.de\\\/produkte-archiv\\\/\",\"url\":\"https:\\\/\\\/moto.kedo.de\\\/produkte-archiv\\\/\",\"name\":\"PRODUKTE - ARCHIV - KEDO - MOTORCYCLE PARTS\",\"isPartOf\":{\"@id\":\"https:\\\/\\\/moto.kedo.de\\\/#website\"},\"primaryImageOfPage\":{\"@id\":\"https:\\\/\\\/moto.kedo.de\\\/produkte-archiv\\\/#primaryimage\"},\"image\":{\"@id\":\"https:\\\/\\\/moto.kedo.de\\\/produkte-archiv\\\/#primaryimage\"},\"thumbnailUrl\":\"https:\\\/\\\/moto.kedo.de\\\/wp-content\\\/uploads\\\/2025\\\/09\\\/kedo_yamaha_motorcycle_xt500-sr500-xt250-t700_bringthekickback-trophy-ride-out_42.jpg\",\"datePublished\":\"2025-10-06T07:56:38+00:00\",\"dateModified\":\"2025-10-06T08:42:52+00:00\",\"breadcrumb\":{\"@id\":\"https:\\\/\\\/moto.kedo.de\\\/produkte-archiv\\\/#breadcrumb\"},\"inLanguage\":\"en-US\",\"potentialAction\":[{\"@type\":\"ReadAction\",\"target\":[\"https:\\\/\\\/moto.kedo.de\\\/produkte-archiv\\\/\"]}]},{\"@type\":\"ImageObject\",\"inLanguage\":\"en-US\",\"@id\":\"https:\\\/\\\/moto.kedo.de\\\/produkte-archiv\\\/#primaryimage\",\"url\":\"https:\\\/\\\/moto.kedo.de\\\/wp-content\\\/uploads\\\/2025\\\/09\\\/kedo_yamaha_motorcycle_xt500-sr500-xt250-t700_bringthekickback-trophy-ride-out_42.jpg\",\"contentUrl\":\"https:\\\/\\\/moto.kedo.de\\\/wp-content\\\/uploads\\\/2025\\\/09\\\/kedo_yamaha_motorcycle_xt500-sr500-xt250-t700_bringthekickback-trophy-ride-out_42.jpg\",\"width\":1280,\"height\":1920},{\"@type\":\"BreadcrumbList\",\"@id\":\"https:\\\/\\\/moto.kedo.de\\\/produkte-archiv\\\/#breadcrumb\",\"itemListElement\":[{\"@type\":\"ListItem\",\"position\":1,\"name\":\"Startseite\",\"item\":\"https:\\\/\\\/moto.kedo.de\\\/\"},{\"@type\":\"ListItem\",\"position\":2,\"name\":\"PRODUKTE &#8211; ARCHIV\"}]},{\"@type\":\"WebSite\",\"@id\":\"https:\\\/\\\/moto.kedo.de\\\/#website\",\"url\":\"https:\\\/\\\/moto.kedo.de\\\/\",\"name\":\"KEDO - MOTORCYCLE PARTS\",\"description\":\"SR500 | TT500 | XT500 | XT250 | XT600 | T700\",\"publisher\":{\"@id\":\"https:\\\/\\\/moto.kedo.de\\\/#organization\"},\"potentialAction\":[{\"@type\":\"SearchAction\",\"target\":{\"@type\":\"EntryPoint\",\"urlTemplate\":\"https:\\\/\\\/moto.kedo.de\\\/?s={search_term_string}\"},\"query-input\":{\"@type\":\"PropertyValueSpecification\",\"valueRequired\":true,\"valueName\":\"search_term_string\"}}],\"inLanguage\":\"en-US\"},{\"@type\":\"Organization\",\"@id\":\"https:\\\/\\\/moto.kedo.de\\\/#organization\",\"name\":\"KEDO - MOTORCYCLE PARTS\",\"url\":\"https:\\\/\\\/moto.kedo.de\\\/\",\"logo\":{\"@type\":\"ImageObject\",\"inLanguage\":\"en-US\",\"@id\":\"https:\\\/\\\/moto.kedo.de\\\/#\\\/schema\\\/logo\\\/image\\\/\",\"url\":\"https:\\\/\\\/moto.kedo.de\\\/wp-content\\\/uploads\\\/2022\\\/08\\\/KEDO_Szene04b.svg\",\"contentUrl\":\"https:\\\/\\\/moto.kedo.de\\\/wp-content\\\/uploads\\\/2022\\\/08\\\/KEDO_Szene04b.svg\",\"width\":1939.5,\"height\":604.8,\"caption\":\"KEDO - MOTORCYCLE PARTS\"},\"image\":{\"@id\":\"https:\\\/\\\/moto.kedo.de\\\/#\\\/schema\\\/logo\\\/image\\\/\"},\"sameAs\":[\"https:\\\/\\\/www.facebook.com\\\/KEDO.Hamburg\",\"https:\\\/\\\/www.instagram.com\\\/kedo_gmbh_hamburg\\\/\",\"https:\\\/\\\/www.youtube.com\\\/@KedoTeam\"]}]}<\/script>\n<!-- \/ Yoast SEO plugin. -->","yoast_head_json":{"title":"PRODUCTS - ARCHIVE - KEDO - MOTORCYCLE PARTS","robots":{"index":"index","follow":"follow","max-snippet":"max-snippet:-1","max-image-preview":"max-image-preview:large","max-video-preview":"max-video-preview:-1"},"canonical":"https:\/\/moto.kedo.de\/en\/products-archive\/","og_locale":"en_US","og_type":"article","og_title":"PRODUKTE - ARCHIV - KEDO - MOTORCYCLE PARTS","og_description":"Archiv Produkte Auf der KEDO Produkte-Archiv-Seite sammeln wir alle Produkte, die wir jemals vorgestellt haben. Hier k\u00f6nnt Ihr st\u00f6bern und","og_url":"https:\/\/moto.kedo.de\/en\/products-archive\/","og_site_name":"KEDO - MOTORCYCLE PARTS","article_publisher":"https:\/\/www.facebook.com\/KEDO.Hamburg","article_modified_time":"2025-10-06T08:42:52+00:00","og_image":[{"width":1280,"height":1920,"url":"https:\/\/moto.kedo.de\/wp-content\/uploads\/2025\/09\/kedo_yamaha_motorcycle_xt500-sr500-xt250-t700_bringthekickback-trophy-ride-out_42.jpg","type":"image\/jpeg"}],"twitter_card":"summary_large_image","twitter_misc":{"Est. reading time":"2 minutes"},"schema":{"@context":"https:\/\/schema.org","@graph":[{"@type":"WebPage","@id":"https:\/\/moto.kedo.de\/produkte-archiv\/","url":"https:\/\/moto.kedo.de\/produkte-archiv\/","name":"PRODUCTS - ARCHIVE - KEDO - MOTORCYCLE PARTS","isPartOf":{"@id":"https:\/\/moto.kedo.de\/#website"},"primaryImageOfPage":{"@id":"https:\/\/moto.kedo.de\/produkte-archiv\/#primaryimage"},"image":{"@id":"https:\/\/moto.kedo.de\/produkte-archiv\/#primaryimage"},"thumbnailUrl":"https:\/\/moto.kedo.de\/wp-content\/uploads\/2025\/09\/kedo_yamaha_motorcycle_xt500-sr500-xt250-t700_bringthekickback-trophy-ride-out_42.jpg","datePublished":"2025-10-06T07:56:38+00:00","dateModified":"2025-10-06T08:42:52+00:00","breadcrumb":{"@id":"https:\/\/moto.kedo.de\/produkte-archiv\/#breadcrumb"},"inLanguage":"en-US","potentialAction":[{"@type":"ReadAction","target":["https:\/\/moto.kedo.de\/produkte-archiv\/"]}]},{"@type":"ImageObject","inLanguage":"en-US","@id":"https:\/\/moto.kedo.de\/produkte-archiv\/#primaryimage","url":"https:\/\/moto.kedo.de\/wp-content\/uploads\/2025\/09\/kedo_yamaha_motorcycle_xt500-sr500-xt250-t700_bringthekickback-trophy-ride-out_42.jpg","contentUrl":"https:\/\/moto.kedo.de\/wp-content\/uploads\/2025\/09\/kedo_yamaha_motorcycle_xt500-sr500-xt250-t700_bringthekickback-trophy-ride-out_42.jpg","width":1280,"height":1920},{"@type":"BreadcrumbList","@id":"https:\/\/moto.kedo.de\/produkte-archiv\/#breadcrumb","itemListElement":[{"@type":"ListItem","position":1,"name":"Startseite","item":"https:\/\/moto.kedo.de\/"},{"@type":"ListItem","position":2,"name":"PRODUKTE &#8211; ARCHIV"}]},{"@type":"WebSite","@id":"https:\/\/moto.kedo.de\/#website","url":"https:\/\/moto.kedo.de\/","name":"KEDO - MOTORCYCLE PARTS","description":"SR500 | TT500 | XT500 | XT250 | XT600 | T700","publisher":{"@id":"https:\/\/moto.kedo.de\/#organization"},"potentialAction":[{"@type":"SearchAction","target":{"@type":"EntryPoint","urlTemplate":"https:\/\/moto.kedo.de\/?s={search_term_string}"},"query-input":{"@type":"PropertyValueSpecification","valueRequired":true,"valueName":"search_term_string"}}],"inLanguage":"en-US"},{"@type":"Organization","@id":"https:\/\/moto.kedo.de\/#organization","name":"KEDO - MOTORCYCLE PARTS","url":"https:\/\/moto.kedo.de\/","logo":{"@type":"ImageObject","inLanguage":"en-US","@id":"https:\/\/moto.kedo.de\/#\/schema\/logo\/image\/","url":"https:\/\/moto.kedo.de\/wp-content\/uploads\/2022\/08\/KEDO_Szene04b.svg","contentUrl":"https:\/\/moto.kedo.de\/wp-content\/uploads\/2022\/08\/KEDO_Szene04b.svg","width":1939.5,"height":604.8,"caption":"KEDO - MOTORCYCLE PARTS"},"image":{"@id":"https:\/\/moto.kedo.de\/#\/schema\/logo\/image\/"},"sameAs":["https:\/\/www.facebook.com\/KEDO.Hamburg","https:\/\/www.instagram.com\/kedo_gmbh_hamburg\/","https:\/\/www.youtube.com\/@KedoTeam"]}]}},"_links":{"self":[{"href":"https:\/\/moto.kedo.de\/en\/wp-json\/wp\/v2\/pages\/28439","targetHints":{"allow":["GET"]}}],"collection":[{"href":"https:\/\/moto.kedo.de\/en\/wp-json\/wp\/v2\/pages"}],"about":[{"href":"https:\/\/moto.kedo.de\/en\/wp-json\/wp\/v2\/types\/page"}],"author":[{"embeddable":true,"href":"https:\/\/moto.kedo.de\/en\/wp-json\/wp\/v2\/users\/1"}],"replies":[{"embeddable":true,"href":"https:\/\/moto.kedo.de\/en\/wp-json\/wp\/v2\/comments?post=28439"}],"version-history":[{"count":0,"href":"https:\/\/moto.kedo.de\/en\/wp-json\/wp\/v2\/pages\/28439\/revisions"}],"wp:featuredmedia":[{"embeddable":true,"href":"https:\/\/moto.kedo.de\/en\/wp-json\/wp\/v2\/media\/28389"}],"wp:attachment":[{"href":"https:\/\/moto.kedo.de\/en\/wp-json\/wp\/v2\/media?parent=28439"}],"curies":[{"name":"wp","href":"https:\/\/api.w.org\/{rel}","templated":true}]}}