{"id":5486,"date":"2023-07-25T13:03:20","date_gmt":"2023-07-25T11:03:20","guid":{"rendered":"https:\/\/moto.kedo.de\/?page_id=5486"},"modified":"2025-07-01T16:49:12","modified_gmt":"2025-07-01T14:49:12","slug":"imprint","status":"publish","type":"page","link":"https:\/\/moto.kedo.de\/en\/impressum\/","title":{"rendered":"IMPRINT"},"content":{"rendered":"<div data-elementor-type=\"wp-page\" data-elementor-id=\"5486\" class=\"elementor elementor-5486\" data-elementor-post-type=\"page\">\n\t\t\t\t<div class=\"elementor-element elementor-element-32c267c e-flex e-con-boxed e-con e-parent\" data-id=\"32c267c\" data-element_type=\"container\" data-e-type=\"container\">\n\t\t\t\t\t<div class=\"e-con-inner\">\n\t\t\t\t<div class=\"elementor-element elementor-element-b27b6c8 elementor-widget elementor-widget-text-editor\" data-id=\"b27b6c8\" data-element_type=\"widget\" data-e-type=\"widget\" data-widget_type=\"text-editor.default\">\n\t\t\t\t<div class=\"elementor-widget-container\">\n\t\t\t\t\t\t\t\t\t<p><strong><em><img decoding=\"async\" class=\"alignnone size-full wp-image-24393\" src=\"https:\/\/moto.kedo.de\/wp-content\/uploads\/2025\/03\/Flagge_EN.png\" alt=\"\" width=\"34\" height=\"21\" srcset=\"https:\/\/moto.kedo.de\/wp-content\/uploads\/2025\/03\/Flagge_EN.png 34w, https:\/\/moto.kedo.de\/wp-content\/uploads\/2025\/03\/Flagge_EN-18x12.png 18w\" sizes=\"(max-width: 34px) 100vw, 34px\" \/> The content of this site applies to German law only. Therefore, we do not provide a translation. <\/em><\/strong><\/p><p><strong><em><img decoding=\"async\" class=\"alignnone size-full wp-image-24394\" src=\"https:\/\/moto.kedo.de\/wp-content\/uploads\/2025\/03\/Flagge_FR.png\" alt=\"\" width=\"34\" height=\"21\" srcset=\"https:\/\/moto.kedo.de\/wp-content\/uploads\/2025\/03\/Flagge_FR.png 34w, https:\/\/moto.kedo.de\/wp-content\/uploads\/2025\/03\/Flagge_FR-18x12.png 18w\" sizes=\"(max-width: 34px) 100vw, 34px\" \/> Le contenu de ce site ne s'applique au droit allemand. Par cons\u00e9quent, nous ne fournissent pas une traduction.<\/em><\/strong><\/p><h3>Legal provider identification:<\/h3><p>KEDO GmbH<br \/>represented by the managing director Erik Kerger<br \/>Steilshooper Street 33<br \/>22305 Hamburg<br \/>Germany<\/p><p>Phone: 040 40 170 200<br \/>Fax: 040 40 170 201<br \/>Web: www.kedo.com<br \/>E-mail: info@kedo.com<\/p><p>Managing Director: Erik Kerger<br \/>Owners: Daniel Doritz, Erik Kerger, Georg K\u00fcnzel<\/p><p>Responsible for content according to \u00a7 18 Abs. 2 MStV: Georg K\u00fcnzel<\/p><div class=\"page\" title=\"Page 1\"><div class=\"layoutArea\"><div class=\"column\"><p>Mr. Georg K\u00fcnzel Steilshooper Strasse 33 22305 Hamburg<br \/>Germany<\/p><\/div><\/div><\/div><div class=\"page\" title=\"Page 1\"><div class=\"layoutArea\"><div class=\"column\"><p>Registered in the Commercial Register of the Hamburg Local Court, Commercial Register No. HRB 66092<\/p><\/div><\/div><\/div><p>Tax number: DE191436258<br \/>VAT number: DE191436258<\/p><p>You can reach our customer service for questions, complaints and objections by phone: 040 40 170 200 and by e-mail at info@kedo.com. You can also use the contact form on our website for inquiries.<\/p><h3>Alternative dispute resolution:<\/h3><p>The European Commission provides a platform for out-of-court online dispute resolution (ODR platform), which can be accessed at <a href=\"https:\/\/ec.europa.eu\/odr\" target=\"_blank\" rel=\"noopener\">https:\/\/ec.europa.eu\/odr<\/a>.<\/p><h3>Legal information about the website<\/h3><p>All texts, images and other information published here are subject to the copyright of the provider, unless copyrights of third parties exist. In any case, duplication, distribution or public reproduction is only permitted with the revocable and non-transferable consent of the provider.<\/p><p>The provider accepts no responsibility for any web content linked to via hyperlinks, as this is not the provider's own content. The linked pages were checked for illegal content; at the time of linking, no such content was recognizable. Responsibility for the content of the linked pages lies with their operators. The provider has no general obligation to monitor or check this content. However, if an infringement becomes known, the corresponding link will be removed immediately.<\/p>\t\t\t\t\t\t\t\t<\/div>\n\t\t\t\t<\/div>\n\t\t\t\t\t<\/div>\n\t\t\t\t<\/div>\n\t\t\t\t<\/div>","protected":false},"excerpt":{"rendered":"<p>The content of this site applies to German law only. Therefore, we do not provide a translation. Le contenu de ce site ne s&#8217;applique au droit allemand. Par cons\u00e9quent, nous ne fournissent pas une traduction. Gesetzliche Anbieterkennung: KEDO GmbHdiese vertr. d. d. Gesch\u00e4ftsf\u00fchrer Erik KergerSteilshooper Stra\u00dfe 3322305 HamburgDeutschland Telefon: 040 40 170 200Fax: 040 40 [&hellip;]<\/p>\n","protected":false},"author":2,"featured_media":0,"parent":0,"menu_order":0,"comment_status":"closed","ping_status":"closed","template":"elementor_header_footer","meta":{"footnotes":""},"class_list":["post-5486","page","type-page","status-publish","hentry"],"yoast_head":"<!-- This site is optimized with the Yoast SEO plugin v27.3 - https:\/\/yoast.com\/product\/yoast-seo-wordpress\/ -->\n<title>IMPRESSUM - KEDO - MOTORCYCLE PARTS<\/title>\n<meta name=\"robots\" content=\"index, follow, max-snippet:-1, max-image-preview:large, max-video-preview:-1\" \/>\n<link rel=\"canonical\" href=\"https:\/\/moto.kedo.de\/en\/imprint\/\" \/>\n<meta property=\"og:locale\" content=\"en_US\" \/>\n<meta property=\"og:type\" content=\"article\" \/>\n<meta property=\"og:title\" content=\"IMPRESSUM - KEDO - MOTORCYCLE PARTS\" \/>\n<meta property=\"og:description\" content=\"The content of this site applies to German law only. Therefore, we do not provide a translation. Le contenu de ce site ne s&#8217;applique au droit allemand. Par cons\u00e9quent, nous ne fournissent pas une traduction. Gesetzliche Anbieterkennung: KEDO GmbHdiese vertr. d. d. Gesch\u00e4ftsf\u00fchrer Erik KergerSteilshooper Stra\u00dfe 3322305 HamburgDeutschland Telefon: 040 40 170 200Fax: 040 40 [&hellip;]\" \/>\n<meta property=\"og:url\" content=\"https:\/\/moto.kedo.de\/en\/imprint\/\" \/>\n<meta property=\"og:site_name\" content=\"KEDO - MOTORCYCLE PARTS\" \/>\n<meta property=\"article:publisher\" content=\"https:\/\/www.facebook.com\/KEDO.Hamburg\" \/>\n<meta property=\"article:modified_time\" content=\"2025-07-01T14:49:12+00:00\" \/>\n<meta property=\"og:image\" content=\"https:\/\/moto.kedo.de\/wp-content\/uploads\/2025\/03\/Flagge_EN.png\" \/>\n\t<meta property=\"og:image:width\" content=\"34\" \/>\n\t<meta property=\"og:image:height\" content=\"21\" \/>\n\t<meta property=\"og:image:type\" content=\"image\/png\" \/>\n<meta name=\"twitter:card\" content=\"summary_large_image\" \/>\n<meta name=\"twitter:label1\" content=\"Est. reading time\" \/>\n\t<meta name=\"twitter:data1\" content=\"2 minutes\" \/>\n<script type=\"application\/ld+json\" class=\"yoast-schema-graph\">{\"@context\":\"https:\\\/\\\/schema.org\",\"@graph\":[{\"@type\":\"WebPage\",\"@id\":\"https:\\\/\\\/moto.kedo.de\\\/impressum\\\/\",\"url\":\"https:\\\/\\\/moto.kedo.de\\\/impressum\\\/\",\"name\":\"IMPRESSUM - KEDO - MOTORCYCLE PARTS\",\"isPartOf\":{\"@id\":\"https:\\\/\\\/moto.kedo.de\\\/#website\"},\"primaryImageOfPage\":{\"@id\":\"https:\\\/\\\/moto.kedo.de\\\/impressum\\\/#primaryimage\"},\"image\":{\"@id\":\"https:\\\/\\\/moto.kedo.de\\\/impressum\\\/#primaryimage\"},\"thumbnailUrl\":\"https:\\\/\\\/moto.kedo.de\\\/wp-content\\\/uploads\\\/2025\\\/03\\\/Flagge_EN.png\",\"datePublished\":\"2023-07-25T11:03:20+00:00\",\"dateModified\":\"2025-07-01T14:49:12+00:00\",\"breadcrumb\":{\"@id\":\"https:\\\/\\\/moto.kedo.de\\\/impressum\\\/#breadcrumb\"},\"inLanguage\":\"en-US\",\"potentialAction\":[{\"@type\":\"ReadAction\",\"target\":[\"https:\\\/\\\/moto.kedo.de\\\/impressum\\\/\"]}]},{\"@type\":\"ImageObject\",\"inLanguage\":\"en-US\",\"@id\":\"https:\\\/\\\/moto.kedo.de\\\/impressum\\\/#primaryimage\",\"url\":\"https:\\\/\\\/moto.kedo.de\\\/wp-content\\\/uploads\\\/2025\\\/03\\\/Flagge_EN.png\",\"contentUrl\":\"https:\\\/\\\/moto.kedo.de\\\/wp-content\\\/uploads\\\/2025\\\/03\\\/Flagge_EN.png\"},{\"@type\":\"BreadcrumbList\",\"@id\":\"https:\\\/\\\/moto.kedo.de\\\/impressum\\\/#breadcrumb\",\"itemListElement\":[{\"@type\":\"ListItem\",\"position\":1,\"name\":\"Startseite\",\"item\":\"https:\\\/\\\/moto.kedo.de\\\/\"},{\"@type\":\"ListItem\",\"position\":2,\"name\":\"IMPRESSUM\"}]},{\"@type\":\"WebSite\",\"@id\":\"https:\\\/\\\/moto.kedo.de\\\/#website\",\"url\":\"https:\\\/\\\/moto.kedo.de\\\/\",\"name\":\"KEDO - MOTORCYCLE PARTS\",\"description\":\"SR500 | TT500 | XT500 | XT250 | XT600 | T700\",\"publisher\":{\"@id\":\"https:\\\/\\\/moto.kedo.de\\\/#organization\"},\"potentialAction\":[{\"@type\":\"SearchAction\",\"target\":{\"@type\":\"EntryPoint\",\"urlTemplate\":\"https:\\\/\\\/moto.kedo.de\\\/?s={search_term_string}\"},\"query-input\":{\"@type\":\"PropertyValueSpecification\",\"valueRequired\":true,\"valueName\":\"search_term_string\"}}],\"inLanguage\":\"en-US\"},{\"@type\":\"Organization\",\"@id\":\"https:\\\/\\\/moto.kedo.de\\\/#organization\",\"name\":\"KEDO - MOTORCYCLE PARTS\",\"url\":\"https:\\\/\\\/moto.kedo.de\\\/\",\"logo\":{\"@type\":\"ImageObject\",\"inLanguage\":\"en-US\",\"@id\":\"https:\\\/\\\/moto.kedo.de\\\/#\\\/schema\\\/logo\\\/image\\\/\",\"url\":\"https:\\\/\\\/moto.kedo.de\\\/wp-content\\\/uploads\\\/2022\\\/08\\\/KEDO_Szene04b.svg\",\"contentUrl\":\"https:\\\/\\\/moto.kedo.de\\\/wp-content\\\/uploads\\\/2022\\\/08\\\/KEDO_Szene04b.svg\",\"width\":1939.5,\"height\":604.8,\"caption\":\"KEDO - MOTORCYCLE PARTS\"},\"image\":{\"@id\":\"https:\\\/\\\/moto.kedo.de\\\/#\\\/schema\\\/logo\\\/image\\\/\"},\"sameAs\":[\"https:\\\/\\\/www.facebook.com\\\/KEDO.Hamburg\",\"https:\\\/\\\/www.instagram.com\\\/kedo_gmbh_hamburg\\\/\",\"https:\\\/\\\/www.youtube.com\\\/@KedoTeam\"]}]}<\/script>\n<!-- \/ Yoast SEO plugin. -->","yoast_head_json":{"title":"IMPRINT - KEDO - MOTORCYCLE PARTS","robots":{"index":"index","follow":"follow","max-snippet":"max-snippet:-1","max-image-preview":"max-image-preview:large","max-video-preview":"max-video-preview:-1"},"canonical":"https:\/\/moto.kedo.de\/en\/imprint\/","og_locale":"en_US","og_type":"article","og_title":"IMPRESSUM - KEDO - MOTORCYCLE PARTS","og_description":"The content of this site applies to German law only. Therefore, we do not provide a translation. Le contenu de ce site ne s&#8217;applique au droit allemand. Par cons\u00e9quent, nous ne fournissent pas une traduction. Gesetzliche Anbieterkennung: KEDO GmbHdiese vertr. d. d. Gesch\u00e4ftsf\u00fchrer Erik KergerSteilshooper Stra\u00dfe 3322305 HamburgDeutschland Telefon: 040 40 170 200Fax: 040 40 [&hellip;]","og_url":"https:\/\/moto.kedo.de\/en\/imprint\/","og_site_name":"KEDO - MOTORCYCLE PARTS","article_publisher":"https:\/\/www.facebook.com\/KEDO.Hamburg","article_modified_time":"2025-07-01T14:49:12+00:00","og_image":[{"width":34,"height":21,"url":"https:\/\/moto.kedo.de\/wp-content\/uploads\/2025\/03\/Flagge_EN.png","type":"image\/png"}],"twitter_card":"summary_large_image","twitter_misc":{"Est. reading time":"2 minutes"},"schema":{"@context":"https:\/\/schema.org","@graph":[{"@type":"WebPage","@id":"https:\/\/moto.kedo.de\/impressum\/","url":"https:\/\/moto.kedo.de\/impressum\/","name":"IMPRINT - KEDO - MOTORCYCLE PARTS","isPartOf":{"@id":"https:\/\/moto.kedo.de\/#website"},"primaryImageOfPage":{"@id":"https:\/\/moto.kedo.de\/impressum\/#primaryimage"},"image":{"@id":"https:\/\/moto.kedo.de\/impressum\/#primaryimage"},"thumbnailUrl":"https:\/\/moto.kedo.de\/wp-content\/uploads\/2025\/03\/Flagge_EN.png","datePublished":"2023-07-25T11:03:20+00:00","dateModified":"2025-07-01T14:49:12+00:00","breadcrumb":{"@id":"https:\/\/moto.kedo.de\/impressum\/#breadcrumb"},"inLanguage":"en-US","potentialAction":[{"@type":"ReadAction","target":["https:\/\/moto.kedo.de\/impressum\/"]}]},{"@type":"ImageObject","inLanguage":"en-US","@id":"https:\/\/moto.kedo.de\/impressum\/#primaryimage","url":"https:\/\/moto.kedo.de\/wp-content\/uploads\/2025\/03\/Flagge_EN.png","contentUrl":"https:\/\/moto.kedo.de\/wp-content\/uploads\/2025\/03\/Flagge_EN.png"},{"@type":"BreadcrumbList","@id":"https:\/\/moto.kedo.de\/impressum\/#breadcrumb","itemListElement":[{"@type":"ListItem","position":1,"name":"Startseite","item":"https:\/\/moto.kedo.de\/"},{"@type":"ListItem","position":2,"name":"IMPRESSUM"}]},{"@type":"WebSite","@id":"https:\/\/moto.kedo.de\/#website","url":"https:\/\/moto.kedo.de\/","name":"KEDO - MOTORCYCLE PARTS","description":"SR500 | TT500 | XT500 | XT250 | XT600 | T700","publisher":{"@id":"https:\/\/moto.kedo.de\/#organization"},"potentialAction":[{"@type":"SearchAction","target":{"@type":"EntryPoint","urlTemplate":"https:\/\/moto.kedo.de\/?s={search_term_string}"},"query-input":{"@type":"PropertyValueSpecification","valueRequired":true,"valueName":"search_term_string"}}],"inLanguage":"en-US"},{"@type":"Organization","@id":"https:\/\/moto.kedo.de\/#organization","name":"KEDO - MOTORCYCLE PARTS","url":"https:\/\/moto.kedo.de\/","logo":{"@type":"ImageObject","inLanguage":"en-US","@id":"https:\/\/moto.kedo.de\/#\/schema\/logo\/image\/","url":"https:\/\/moto.kedo.de\/wp-content\/uploads\/2022\/08\/KEDO_Szene04b.svg","contentUrl":"https:\/\/moto.kedo.de\/wp-content\/uploads\/2022\/08\/KEDO_Szene04b.svg","width":1939.5,"height":604.8,"caption":"KEDO - MOTORCYCLE PARTS"},"image":{"@id":"https:\/\/moto.kedo.de\/#\/schema\/logo\/image\/"},"sameAs":["https:\/\/www.facebook.com\/KEDO.Hamburg","https:\/\/www.instagram.com\/kedo_gmbh_hamburg\/","https:\/\/www.youtube.com\/@KedoTeam"]}]}},"_links":{"self":[{"href":"https:\/\/moto.kedo.de\/en\/wp-json\/wp\/v2\/pages\/5486","targetHints":{"allow":["GET"]}}],"collection":[{"href":"https:\/\/moto.kedo.de\/en\/wp-json\/wp\/v2\/pages"}],"about":[{"href":"https:\/\/moto.kedo.de\/en\/wp-json\/wp\/v2\/types\/page"}],"author":[{"embeddable":true,"href":"https:\/\/moto.kedo.de\/en\/wp-json\/wp\/v2\/users\/2"}],"replies":[{"embeddable":true,"href":"https:\/\/moto.kedo.de\/en\/wp-json\/wp\/v2\/comments?post=5486"}],"version-history":[{"count":0,"href":"https:\/\/moto.kedo.de\/en\/wp-json\/wp\/v2\/pages\/5486\/revisions"}],"wp:attachment":[{"href":"https:\/\/moto.kedo.de\/en\/wp-json\/wp\/v2\/media?parent=5486"}],"curies":[{"name":"wp","href":"https:\/\/api.w.org\/{rel}","templated":true}]}}